{"id":11105,"date":"2024-09-12T13:12:22","date_gmt":"2024-09-12T13:12:22","guid":{"rendered":"https:\/\/www.lainesdunord.it\/kontakte\/"},"modified":"2025-01-21T14:14:10","modified_gmt":"2025-01-21T14:14:10","slug":"kontakte","status":"publish","type":"page","link":"https:\/\/www.lainesdunord.it\/de\/kontakte\/","title":{"rendered":"Kontakte"},"content":{"rendered":"<section class=\"l-section wpb_row height_auto width_full\"><div class=\"l-section-h i-cf\"><div class=\"g-cols vc_row via_grid cols_1 laptops-cols_inherit tablets-cols_inherit mobiles-cols_1 valign_top type_default stacking_default\"><div class=\"wpb_column vc_column_container\"><div class=\"vc_column-inner\"><div class=\"w-image has_ratio align_center\"><div class=\"w-image-h\"><div style=\"padding-bottom:33.3333%\"><\/div><img decoding=\"async\" width=\"1920\" height=\"640\" src=\"https:\/\/www.lainesdunord.it\/wp-content\/uploads\/2024\/09\/banner_contatti_1920x640.jpg\" class=\"attachment-full size-full\" alt=\"\" loading=\"lazy\" srcset=\"https:\/\/www.lainesdunord.it\/wp-content\/uploads\/2024\/09\/banner_contatti_1920x640.jpg 1920w, https:\/\/www.lainesdunord.it\/wp-content\/uploads\/2024\/09\/banner_contatti_1920x640-300x100.jpg 300w, https:\/\/www.lainesdunord.it\/wp-content\/uploads\/2024\/09\/banner_contatti_1920x640-1024x341.jpg 1024w\" sizes=\"(max-width: 1920px) 100vw, 1920px\" \/><\/div><\/div><\/div><\/div><\/div><\/div><\/section><section class=\"l-section wpb_row us_custom_3a216a9a height_auto width_full\"><div class=\"l-section-h i-cf\"><div class=\"g-cols vc_row via_grid cols_1 laptops-cols_inherit tablets-cols_inherit mobiles-cols_1 valign_top type_default stacking_default\"><div class=\"wpb_column vc_column_container us_custom_6f60ed55\"><div class=\"vc_column-inner\"><nav class=\"w-menu layout_hor spread style_links not_responsive us_menu_1\" style=\"--main-gap:1.5rem;--main-ver-indent:0.8em;--main-hor-indent:0.8em;--main-color:inherit;\"><ul id=\"menu-top-menu-de\" class=\"menu\"><li id=\"menu-item-11171\" class=\"menu-item menu-item-type-custom menu-item-object-custom menu-item-11171\"><a href=\"https:\/\/www.lainesdunord.it\/de\/garne\/\">GARNE<\/a><\/li><li id=\"menu-item-11172\" class=\"menu-item menu-item-type-custom menu-item-object-custom menu-item-11172\"><a href=\"https:\/\/www.lainesdunord.it\/de\/modelle\/\">MODELLE<\/a><\/li><li id=\"menu-item-11173\" class=\"menu-item menu-item-type-post_type menu-item-object-page menu-item-11173\"><a href=\"https:\/\/www.lainesdunord.it\/de\/store-locator\/\">store locator<\/a><\/li><\/ul><\/nav><\/div><\/div><\/div><\/div><\/section><section class=\"l-section wpb_row height_small width_full\"><div class=\"l-section-h i-cf\"><div class=\"g-cols vc_row via_grid cols_1 laptops-cols_inherit tablets-cols_inherit mobiles-cols_1 valign_top type_default stacking_default\"><div class=\"wpb_column vc_column_container\"><div class=\"vc_column-inner\"><h1 class=\"w-text us_custom_02976b75\"><span class=\"w-text-h\"><span class=\"w-text-value\">Kontakte<\/span><\/span><\/h1><div class=\"wpb_text_column us_custom_4bf35739\"><div class=\"wpb_wrapper\"><p style=\"text-align: center;\"><strong>LAINES DU NORD: IHRE LEIDENSCHAFT F\u00dcR STRICKWAREN, UNSERE VERPFLICHTUNG ZUR QUALIT\u00c4T.<br \/><\/strong>Wir legen seit jeher gro\u00dfen Wert auf die Herstellung von Kn\u00e4ueln aus hochwertigen Naturgarnen. Die gleiche Sorgfalt widmen wir unseren Kunden. <\/p>\n<\/div><\/div><\/div><\/div><\/div><\/div><\/section><section class=\"l-section wpb_row us_custom_d6fcf135 height_auto width_custom\" style=\"--site-content-width:1440px;\"><div class=\"l-section-h i-cf\"><div class=\"g-cols vc_row via_grid cols_1 laptops-cols_inherit tablets-cols_inherit mobiles-cols_1 valign_middle type_default stacking_default\" style=\"--gap:50px;\"><div class=\"wpb_column vc_column_container\"><div class=\"vc_column-inner\"><div class=\"g-cols wpb_row via_grid cols_2 laptops-cols_inherit tablets-cols_inherit mobiles-cols_1 valign_middle type_default stacking_default\" style=\"--gap:0px;\"><div class=\"wpb_column vc_column_container us_custom_54f56bfb\"><div class=\"vc_column-inner\"><div class=\"w-map provider_osm\" id=\"us_map_1\"><div class=\"w-map-inner\"><div class=\"w-map-json\" onclick='return {&quot;address&quot;:&quot;45.08279,7.37447&quot;,&quot;disableDragging&quot;:0,&quot;disableZoom&quot;:0,&quot;hideControls&quot;:0,&quot;zoom&quot;:16,&quot;markers&quot;:[{&quot;address&quot;:&quot;45.08279,7.37447&quot;,&quot;html&quot;:&quot;&lt;h6&gt;Laines du Nord&lt;\\\/h6&gt;&quot;,&quot;infowindow&quot;:&quot;1&quot;}],&quot;icon&quot;:{&quot;url&quot;:&quot;https:\\\/\\\/www.lainesdunord.it\\\/wp-content\\\/uploads\\\/2024\\\/09\\\/laines-du-nord-maps.png&quot;,&quot;size&quot;:[30,30]},&quot;style&quot;:&quot;https:\\\/\\\/{s}.tile.openstreetmap.org\\\/{z}\\\/{x}\\\/{y}.png&quot;}'><\/div><\/div><\/div><\/div><\/div><div class=\"wpb_column vc_column_container us_custom_e12c72dd\"><div class=\"vc_column-inner\"><div class=\"w-contacts\"><div class=\"w-contacts-list\"><div class=\"w-contacts-item for_address\"><span class=\"w-contacts-item-value\">Via Enrico Fermi 19, 10051 Avigliana (TO)<\/span><\/div><\/div><\/div><div class=\"w-separator size_small with_line width_50 thick_1 style_solid color_border align_none\"><div class=\"w-separator-h\"><\/div><\/div><div class=\"w-contacts\"><div class=\"w-contacts-list\"><div class=\"w-contacts-item for_phone\"><span class=\"w-contacts-item-value\">+39 011.19720306<\/span><\/div><\/div><\/div><div class=\"w-separator size_small with_line width_50 thick_1 style_solid color_border align_none\"><div class=\"w-separator-h\"><\/div><\/div><div class=\"w-contacts\"><div class=\"w-contacts-list\"><div class=\"w-contacts-item for_mobile\"><span class=\"w-contacts-item-value\">  +39 011.9663174<\/span><\/div><\/div><\/div><div class=\"w-separator size_small with_line width_50 thick_1 style_solid color_border align_none\"><div class=\"w-separator-h\"><\/div><\/div><div class=\"w-contacts\"><div class=\"w-contacts-list\"><div class=\"w-contacts-item for_email\"><span class=\"w-contacts-item-value\"><a href=\"mailto:info@lainesdunord.com\">info@lainesdunord.com<\/a><\/span><\/div><\/div><\/div><\/div><\/div><\/div><\/div><\/div><\/div><\/div><\/section><section class=\"l-section wpb_row us_custom_79a6436d height_auto width_full\"><div class=\"l-section-h i-cf\"><div class=\"g-cols vc_row via_grid cols_1 laptops-cols_inherit tablets-cols_inherit mobiles-cols_1 valign_middle type_default stacking_default\" style=\"--gap:50px;\"><div class=\"wpb_column vc_column_container\"><div class=\"vc_column-inner\"><div class=\"g-cols wpb_row us_custom_9a24c93d via_grid cols_1 laptops-cols_inherit tablets-cols_inherit mobiles-cols_1 valign_top type_default stacking_default\" style=\"--gap:3rem;\"><div class=\"wpb_column vc_column_container us_custom_0550f124\"><div class=\"vc_column-inner\"><h2 class=\"w-text us_custom_747c6124\"><span class=\"w-text-h\"><span class=\"w-text-value\">Kontaktieren Sie uns bei Fragen:<br \/>Wir werden Ihnen so schnell wie m\u00f6glich antworten.<\/span><\/span><\/h2><form class=\"w-form  layout_ver for_cform us_form_1\" autocomplete=\"off\" action=\"https:\/\/www.lainesdunord.it\/de\/wp-json\/wp\/v2\/pages\/11105\" method=\"post\"><div class=\"w-form-h\"><div class=\"w-form-row for_text required\">\r\n\t\t<div class=\"w-form-row-field\">\r\n\t\t\t\t\t\t<input aria-label=\"Vorname und Nachname\" type=\"text\" name=\"us_form_1_text_1\" value placeholder=\"Vorname und Nachname *\" data-required=\"true\" aria-required=\"true\"\/>\r\n\t\t\t<\/div>\r\n\t\t<div class=\"w-form-row-state\">Bitte f\u00fcllen Sie dieses Feld aus.<\/div>\r\n<\/div>\r\n<div class=\"w-form-row for_email required\">\r\n\t\t<div class=\"w-form-row-field\">\r\n\t\t\t\t\t\t<input aria-label=\"Email\" type=\"email\" name=\"us_form_1_email_1\" value placeholder=\"Email *\" data-required=\"true\" aria-required=\"true\"\/>\r\n\t\t\t<\/div>\r\n\t\t<div class=\"w-form-row-state\">Bitte gib eine g\u00fcltige E-Mail-Adresse ein.<\/div>\r\n<\/div>\r\n<div class=\"w-form-row for_select\">\r\n\t\t<div class=\"w-form-row-field\">\r\n\t\t\t\t\t\t<select aria-label=\"us_form_1_select_1\" name=\"us_form_1_select_1\">\r\n\t\t\t<option value=\"Art der Anfrage *\">Art der Anfrage *<\/option><option value=\"Wiederverk\u00e4ufer\">Wiederverk\u00e4ufer<\/option><option value=\"Privatkunde\">Privatkunde<\/option><option value=\"Infos anfordern\">Infos anfordern<\/option><option value=\"\"><\/option>\t\t<\/select>\r\n\t\t\t<\/div>\r\n\t\t<div class=\"w-form-row-state\">W\u00e4hle eine Option<\/div>\r\n<\/div>\r\n<div class=\"w-form-row for_textarea\">\r\n\t\t<div class=\"w-form-row-field\">\r\n\t\t\t\t\t\t<textarea aria-label=\"Text\" name=\"us_form_1_textarea_1\" placeholder=\"Text\"><\/textarea>\r\n\t\t\t<\/div>\r\n\t\t<div class=\"w-form-row-state\">Bitte f\u00fcllen Sie dieses Feld aus.<\/div>\r\n<\/div>\r\n<div class=\"w-form-row for_checkboxes has_label required\">\r\n\t\t\t<div class=\"w-form-row-label\">\r\n\t\t\t<span>Privacy Policy  <span class=\"required\">*<\/span><\/span>\r\n\t\t<\/div>\r\n\t\t<div class=\"w-form-row-field\">\r\n\t\t\t\t\t<label>\r\n\t\t\t\t<input type=\"checkbox\" name=\"us_form_1_checkboxes_1[]\" data-required=\"true\" value=\"AKZEPTIEREN\"\/>\r\n\t\t\t\t<span>AKZEPTIEREN<\/span>\r\n\t\t\t<\/label>\r\n\t\t\t\t<\/div>\r\n\t\t<div class=\"w-form-row-state\">W\u00e4hle eine Option<\/div>\r\n<\/div>\r\n<div class=\"w-form-row for_info\">\r\n\t<p>Mit dem Absenden der Anfrage best\u00e4tige ich, dass ich die Datenschutzinformationen gelesen habe und mit der Verarbeitung der Daten f\u00fcr die Bereitstellung der angeforderten Dienstleistung oder die Beantwortung der Informationsanfrage einverstanden bin; auf die Verarbeitung der sich aus der Datenschutzerkl\u00e4rung ergebenden Daten zum Zwecke der Zusendung von Werbematerial und zur Kommunikation mit Dritten.<\/p>\r\n<\/div>\r\n<div class=\"w-form-row for_info\">\r\n\t<p><br><\/p>\r\n<\/div>\r\n<input type=\"hidden\" name=\"action\" value=\"us_ajax_cform\" \/>\r\n<input type=\"hidden\" name=\"post_id\" value=\"0\" \/>\r\n<input type=\"hidden\" name=\"form_index\" value=\"1\" \/>\r\n<div class=\"w-form-row for_submit align_center\">\r\n\t<button class=\"w-btn  us-btn-style_5\" aria-label=\"Absenden\" type=\"submit\">\r\n\t\t<span class=\"g-preloader type_1\"><\/span>\r\n\t\t\t\t<span class=\"w-btn-label\">Absenden<\/span>\r\n\t\t\t<\/button>\r\n\t<\/div>\r\n<\/div><div class=\"w-form-message\"><\/div><div class=\"w-form-json hidden\" onclick='return {&quot;ajaxurl&quot;:&quot;https:\\\/\\\/www.lainesdunord.it\\\/wp-admin\\\/admin-ajax.php&quot;,&quot;messages&quot;:{&quot;err_empty&quot;:&quot;Bitte f\\u00fcllen Sie dieses Feld aus.&quot;,&quot;err_size&quot;:&quot;Die Dateigr\\u00f6\\u00dfe darf %s MB nicht \\u00fcberschreiten&quot;,&quot;err_extension&quot;:&quot;Dateityp %s ist nicht zul\\u00e4ssig&quot;}}'><\/div><\/form><\/div><\/div><\/div><\/div><\/div><\/div><\/div><\/section>\n","protected":false},"excerpt":{"rendered":"GARNEMODELLEstore locatorKontakteLAINES DU NORD: IHRE LEIDENSCHAFT F\u00dcR STRICKWAREN, UNSERE VERPFLICHTUNG ZUR QUALIT\u00c4T.Wir legen seit jeher gro\u00dfen Wert auf die Herstellung von Kn\u00e4ueln aus hochwertigen Naturgarnen. Die gleiche Sorgfalt widmen wir unseren Kunden. Via Enrico Fermi 19, 10051 Avigliana (TO)+39 011.19720306 +39 011.9663174info@lainesdunord.comKontaktieren Sie uns bei Fragen:Wir werden Ihnen so schnell wie m\u00f6glich antworten. Bitte f\u00fcllen...","protected":false},"author":2,"featured_media":0,"parent":0,"menu_order":0,"comment_status":"closed","ping_status":"closed","template":"","meta":{"footnotes":""},"class_list":["post-11105","page","type-page","status-publish","hentry"],"_links":{"self":[{"href":"https:\/\/www.lainesdunord.it\/de\/wp-json\/wp\/v2\/pages\/11105"}],"collection":[{"href":"https:\/\/www.lainesdunord.it\/de\/wp-json\/wp\/v2\/pages"}],"about":[{"href":"https:\/\/www.lainesdunord.it\/de\/wp-json\/wp\/v2\/types\/page"}],"author":[{"embeddable":true,"href":"https:\/\/www.lainesdunord.it\/de\/wp-json\/wp\/v2\/users\/2"}],"replies":[{"embeddable":true,"href":"https:\/\/www.lainesdunord.it\/de\/wp-json\/wp\/v2\/comments?post=11105"}],"version-history":[{"count":3,"href":"https:\/\/www.lainesdunord.it\/de\/wp-json\/wp\/v2\/pages\/11105\/revisions"}],"predecessor-version":[{"id":11174,"href":"https:\/\/www.lainesdunord.it\/de\/wp-json\/wp\/v2\/pages\/11105\/revisions\/11174"}],"wp:attachment":[{"href":"https:\/\/www.lainesdunord.it\/de\/wp-json\/wp\/v2\/media?parent=11105"}],"curies":[{"name":"wp","href":"https:\/\/api.w.org\/{rel}","templated":true}]}}