{"id":11919,"date":"2024-07-15T16:03:12","date_gmt":"2024-07-15T16:03:12","guid":{"rendered":"https:\/\/www.lainesdunord.it\/entreprise\/"},"modified":"2026-03-16T11:49:13","modified_gmt":"2026-03-16T11:49:13","slug":"entreprise","status":"publish","type":"page","link":"https:\/\/www.lainesdunord.it\/fr\/entreprise\/","title":{"rendered":"entreprise"},"content":{"rendered":"<section class=\"l-section wpb_row height_auto width_full\"><div class=\"l-section-h i-cf\"><div class=\"g-cols vc_row via_grid cols_1 laptops-cols_inherit tablets-cols_inherit mobiles-cols_1 valign_top type_default stacking_default\"><div class=\"wpb_column vc_column_container\"><div class=\"vc_column-inner\"><div class=\"w-video hide_on_tablets hide_on_mobiles align_none ratio_16x9 has_iframe\"><div class=\"w-video-h\"><iframe title=\"Vimeo video player\" src=\"https:\/\/player.vimeo.com\/video\/1015146538?autoplay=1&loop=1&autopause=0&color=00adef&portrait=0&byline=0&title=0&controls=0&muted=1&h=4ebf034bd1\" frameborder=\"0\" allow=\"autoplay; fullscreen\" allowfullscreen loading=\"lazy\"><\/iframe><\/div><div class=\"w-video-icon\" style=\"font-size:1.5rem;background:rgba(0,0,0,0.5);color:#fff\"><\/div><\/div><div class=\"w-html us_custom_2d9ebfef hide_on_default hide_on_laptops\">\n\t\t\t\t<p class=\"rs-p-wp-fix\"><\/p>\n\t\t\t\t<sr7-module data-alias=\"slider-1\" data-id=\"4\" id=\"SR7_4_1\" class=\"rs-ov-hidden\" data-version=\"6.7.38\">\n\t\t\t\t\t<sr7-adjuster><\/sr7-adjuster>\n\t\t\t\t\t<sr7-content>\n\t\t\t\t\t\t<sr7-slide id=\"SR7_4_1-8\" data-key=\"8\">\n\t\t\t\t\t\t<\/sr7-slide>\n\t\t\t\t\t\t<sr7-slide id=\"SR7_4_1-9\" data-key=\"9\">\n\t\t\t\t\t\t<\/sr7-slide>\n\t\t\t\t\t<\/sr7-content>\n\t\t\t\t<\/sr7-module>\n\t\t\t\t<script>\n\t\t\t\t\tSR7.PMH ??={}; SR7.PMH[\"SR7_4_1\"] = {cn:100,state:false,fn: function() { if (_tpt!==undefined && _tpt.prepareModuleHeight !== undefined) {  _tpt.prepareModuleHeight({id:\"SR7_4_1\",el:[900,900,768,960,720],type:'hero',shdw:'0',gh:[900,900,768,960,720],gw:[1240,1240,1024,778,480],vpt:['100px&#039;,&#039;100px&#039;,&#039;100px&#039;,&#039;100px&#039;,&#039;100px'],size:{fullWidth:true, fullHeight:false},mh:'0',onh:0,onw:0,bg:{color:'{\"orig\":\"transparent\",\"type\":\"solid\",\"string\":\"transparent\"}'}});   SR7.PMH[\"SR7_4_1\"].state=true;} else if(SR7.PMH[\"SR7_4_1\"].cn-->0)\tsetTimeout( SR7.PMH[\"SR7_4_1\"].fn,19);}};SR7.PMH[\"SR7_4_1\" ].fn();\n\t\t\t\t<\/script>\n<\/div><\/div><\/div><\/div><\/div><\/section><section class=\"l-section wpb_row us_custom_3a216a9a height_auto width_full\"><div class=\"l-section-h i-cf\"><div class=\"g-cols vc_row via_grid cols_1 laptops-cols_inherit tablets-cols_inherit mobiles-cols_1 valign_top type_default stacking_default\"><div class=\"wpb_column vc_column_container us_custom_6f60ed55\"><div class=\"vc_column-inner\"><nav class=\"w-menu layout_hor spread style_links not_responsive us_menu_1\" style=\"--main-gap:1.5rem;--main-ver-indent:0.8em;--main-hor-indent:0.8em;--main-color:inherit;\"><ul id=\"menu-top-menu-fr\" class=\"menu\"><li id=\"menu-item-12140\" class=\"menu-item menu-item-type-custom menu-item-object-custom menu-item-12140\"><a href=\"https:\/\/www.lainesdunord.it\/fr\/modele-de-liste-de-fils-ne-pas-modifier\/\">Fils<\/a><\/li><li id=\"menu-item-12141\" class=\"menu-item menu-item-type-custom menu-item-object-custom menu-item-12141\"><a href=\"https:\/\/www.lainesdunord.it\/fr\/modeles-de-listes-ne-pas-modifier\/\">Mod\u00e8les<\/a><\/li><li id=\"menu-item-12135\" class=\"menu-item menu-item-type-post_type menu-item-object-page menu-item-12135\"><a href=\"https:\/\/www.lainesdunord.it\/fr\/nos-points-de-vente\/\">localisateur de magasins<\/a><\/li><\/ul><\/nav><\/div><\/div><\/div><\/div><\/section><section class=\"l-section wpb_row height_auto width_full\"><div class=\"l-section-h i-cf\"><div class=\"g-cols vc_row via_grid cols_1 laptops-cols_inherit tablets-cols_inherit mobiles-cols_1 valign_top type_default stacking_default\"><div class=\"wpb_column vc_column_container\"><div class=\"vc_column-inner\"><div class=\"w-image has_ratio align_none\"><div class=\"w-image-h\"><div style=\"padding-bottom:33.3333%\"><\/div><img decoding=\"async\" width=\"1024\" height=\"341\" src=\"https:\/\/www.lainesdunord.it\/wp-content\/uploads\/2024\/07\/banner-azienda-1024x341.jpg\" class=\"attachment-large size-large\" alt=\"\" loading=\"lazy\" srcset=\"https:\/\/www.lainesdunord.it\/wp-content\/uploads\/2024\/07\/banner-azienda-1024x341.jpg 1024w, https:\/\/www.lainesdunord.it\/wp-content\/uploads\/2024\/07\/banner-azienda-300x100.jpg 300w, https:\/\/www.lainesdunord.it\/wp-content\/uploads\/2024\/07\/banner-azienda.jpg 1920w\" sizes=\"(max-width: 1024px) 100vw, 1024px\" \/><\/div><\/div><\/div><\/div><\/div><\/div><\/section><section class=\"l-section wpb_row height_small width_full\"><div class=\"l-section-h i-cf\"><div class=\"g-cols vc_row via_grid cols_1 laptops-cols_inherit tablets-cols_inherit mobiles-cols_1 valign_top type_default stacking_default\"><div class=\"wpb_column vc_column_container\"><div class=\"vc_column-inner\"><h1 class=\"w-text us_custom_cf99f88a\"><span class=\"w-text-h\"><span class=\"w-text-value\">UN ARC-EN-CIEL DE COULEURS ET DE TEXTURES POUR R\u00c9PONDRE \u00c0 TOUS LES BESOINS<\/span><\/span><\/h1><div class=\"wpb_text_column us_custom_4bf35739\"><div class=\"wpb_wrapper\"><p style=\"text-align: center;\">Nous proposons une large gamme de fils dans diff\u00e9rentes fibres naturelles, telles que la laine, le coton, l\u2019alpaga et le cachemire. Gr\u00e2ce \u00e0 une recherche continue et \u00e0 une d\u00e9marche constante d\u2019exp\u00e9rimentation, nous sommes en mesure d\u2019offrir une grande vari\u00e9t\u00e9 de couleurs, de nuances et de motifs g\u00e9om\u00e9triques, afin de r\u00e9pondre aux attentes de chaque knitter : de celles et ceux qui d\u00e9couvrent tout juste cet art extraordinaire \u00e0 celles et ceux qui poss\u00e8dent d\u00e9j\u00e0 une solide exp\u00e9rience et souhaitent sans cesse se challenger \u00e0 travers de nouvelles cr\u00e9ations, de nouvelles techniques et de nouveaux styles. <\/p>\n<\/div><\/div><\/div><\/div><\/div><\/div><\/section><section class=\"l-section wpb_row us_custom_79a6436d height_auto width_full\"><div class=\"l-section-h i-cf\"><div class=\"g-cols vc_row via_grid cols_1 laptops-cols_inherit tablets-cols_inherit mobiles-cols_1 valign_middle type_default stacking_default\" style=\"--gap:50px;\"><div class=\"wpb_column vc_column_container\"><div class=\"vc_column-inner\"><div class=\"g-cols wpb_row via_grid cols_2 laptops-cols_inherit tablets-cols_inherit mobiles-cols_1 valign_middle type_default stacking_default\" style=\"--gap:0px;\"><div class=\"wpb_column vc_column_container us_custom_54f56bfb\"><div class=\"vc_column-inner\"><div class=\"w-image has_ratio align_none\"><div class=\"w-image-h\"><div style=\"padding-bottom:66.6667%\"><\/div><img decoding=\"async\" width=\"1024\" height=\"794\" src=\"https:\/\/www.lainesdunord.it\/wp-content\/uploads\/2024\/09\/design-1024x794.jpg\" class=\"attachment-large size-large\" alt=\"\" loading=\"lazy\" srcset=\"https:\/\/www.lainesdunord.it\/wp-content\/uploads\/2024\/09\/design-1024x794.jpg 1024w, https:\/\/www.lainesdunord.it\/wp-content\/uploads\/2024\/09\/design-300x233.jpg 300w, https:\/\/www.lainesdunord.it\/wp-content\/uploads\/2024\/09\/design.jpg 1920w\" sizes=\"(max-width: 1024px) 100vw, 1024px\" \/><\/div><\/div><\/div><\/div><div class=\"wpb_column vc_column_container us_custom_26785d76\"><div class=\"vc_column-inner\"><h2 class=\"w-text\"><span class=\"w-text-h\"><span class=\"w-text-value\">L\u2019art italien du fil depuis 1978<\/span><\/span><\/h2><div class=\"wpb_text_column us_custom_f029a2ba\"><div class=\"wpb_wrapper\"><p>Nous sommes une entreprise italienne forte de plus de 40 ans d\u2019exp\u00e9rience dans la production de fils pour la mercerie et le tricot de tr\u00e8s haute qualit\u00e9. L\u2019art de la fabrication, alli\u00e9 \u00e0 la tradition artisanale et \u00e0 l\u2019innovation technologique, nous permet de cr\u00e9er des fils uniques, dot\u00e9s d\u2019une forte personnalit\u00e9, parfaits pour des cr\u00e9ations exclusives. &nbsp;<\/p>\n<\/div><\/div><div class=\"w-btn-wrapper align_center\"><a class=\"w-btn us-btn-style_5\" target=\"_blank\" href=\"https:\/\/www.lainesdunord.it\/wp-content\/uploads\/2025\/02\/2025_LDN_Brochure_ITA-2.pdf\"><span class=\"w-btn-label\">T\u00c9L\u00c9CHARGER LA BROCHURE<\/span><\/a><\/div><div class=\"w-btn-wrapper align_center\"><a class=\"w-btn us-btn-style_5\" href=\"https:\/\/www.lainesdunord.it\/brochure-ita\/\"><span class=\"w-btn-label\">T\u00c9L\u00c9CHARGER LA BROCHURE<\/span><\/a><\/div><\/div><\/div><\/div><\/div><\/div><\/div><\/div><\/section><section class=\"l-section wpb_row us_custom_79a6436d height_auto width_full\"><div class=\"l-section-h i-cf\"><div class=\"g-cols vc_row via_grid cols_1 laptops-cols_inherit tablets-cols_inherit mobiles-cols_1 valign_middle type_default stacking_default\" style=\"--gap:50px;\"><div class=\"wpb_column vc_column_container\"><div class=\"vc_column-inner\"><div class=\"g-cols wpb_row via_grid cols_2 laptops-cols_inherit tablets-cols_inherit mobiles-cols_1 valign_middle type_default reversed stacking_default\" style=\"--gap:0px;\"><div class=\"wpb_column vc_column_container us_custom_26785d76\"><div class=\"vc_column-inner\"><h2 class=\"w-text us_custom_15f9d3f2\"><span class=\"w-text-h\"><span class=\"w-text-value\">Fils Made in Italy dans le respect de la nature et des animaux<\/span><\/span><\/h2><div class=\"wpb_text_column us_custom_f029a2ba\"><div class=\"wpb_wrapper\"><p>Nos fils sont issus d\u2019une s\u00e9lection rigoureuse de mati\u00e8res premi\u00e8res, exclusivement naturelles et de grande qualit\u00e9. Nous accordons une attention particuli\u00e8re \u00e0 la durabilit\u00e9, garantissons le bien-\u00eatre des animaux lors de la tonte ainsi que tout au long du traitement des mati\u00e8res premi\u00e8res, et mettons en \u0153uvre des processus de production respectueux de l\u2019environnement.  &nbsp;<\/p>\n<\/div><\/div><div class=\"w-btn-wrapper align_center\"><a class=\"w-btn us-btn-style_5 us_custom_07b13c31\" href=\"https:\/\/www.lainesdunord.it\/sostenibilita\/\"><span class=\"w-btn-label\">D\u00c9COUVREZ NOS CERTIFICATIONS<\/span><\/a><\/div><\/div><\/div><div class=\"wpb_column vc_column_container\"><div class=\"vc_column-inner\"><div class=\"w-image has_ratio align_left\"><div class=\"w-image-h\"><div style=\"padding-bottom:66.6667%\"><\/div><img decoding=\"async\" width=\"1024\" height=\"794\" src=\"https:\/\/www.lainesdunord.it\/wp-content\/uploads\/2024\/09\/ambiente-1024x794.jpg\" class=\"attachment-large size-large\" alt=\"\" loading=\"lazy\" srcset=\"https:\/\/www.lainesdunord.it\/wp-content\/uploads\/2024\/09\/ambiente-1024x794.jpg 1024w, https:\/\/www.lainesdunord.it\/wp-content\/uploads\/2024\/09\/ambiente-300x233.jpg 300w, https:\/\/www.lainesdunord.it\/wp-content\/uploads\/2024\/09\/ambiente.jpg 1920w\" sizes=\"(max-width: 1024px) 100vw, 1024px\" \/><\/div><\/div><\/div><\/div><\/div><\/div><\/div><\/div><\/div><\/section><section class=\"l-section wpb_row height_auto width_full\"><div class=\"l-section-h i-cf\"><div class=\"g-cols vc_row via_grid cols_1 laptops-cols_inherit tablets-cols_inherit mobiles-cols_1 valign_top type_default stacking_default\"><div class=\"wpb_column vc_column_container\"><div class=\"vc_column-inner\"><section class=\"l-section wpb_row us_custom_6b40e87f height_auto width_full\"><div class=\"l-section-h i-cf\"><div class=\"g-cols vc_row via_grid cols_1 laptops-cols_inherit tablets-cols_inherit mobiles-cols_1 valign_top type_default stacking_default\"><div class=\"wpb_column vc_column_container\"><div class=\"vc_column-inner\"><h2 class=\"w-text us_custom_803773b8 has_text_color\"><span class=\"w-text-h\"><span class=\"w-text-value\">Ne manquez pas les derni\u00e8res nouvelles<\/span><\/span><\/h2><\/div><\/div><div class=\"wpb_column vc_column_container us_custom_70788412\"><div class=\"vc_column-inner\"><div class=\"wpb_text_column us_custom_f3945b9f\"><div class=\"wpb_wrapper\"><p style=\"text-align: center; letter-spacing: 0.1em;\">Inscrivez-vous \u00e0 notre newsletter pour obtenir des informations sur nos produits et mod\u00e8les !<\/p>\n<\/div><\/div><\/div><\/div><div class=\"wpb_column vc_column_container us_custom_3f612ce6\"><div class=\"vc_column-inner\"><div class=\"g-cols wpb_row via_grid cols_2 laptops-cols_inherit tablets-cols_1 mobiles-cols_1 valign_middle type_default stacking_default\" style=\"--gap:3rem;\"><div class=\"wpb_column vc_column_container us_custom_201b0d3e\"><div class=\"vc_column-inner\"><div class=\"w-btn-wrapper align_center\"><button class=\"w-btn us-btn-style_5 us_custom_620cf920\" id=\"nl-popup\"><span class=\"w-btn-label\">s&#039;inscrire<\/span><\/button><\/div><div class=\"w-popup align_none\"><span class=\"w-popup-trigger type_selector\" data-selector=\"#nl-popup\"><\/span><div class=\"w-popup-overlay\" style=\"background:rgba(0,0,0,0.50);\"><\/div><div class=\"w-popup-wrap layout_default\" style=\"--title-color:var(--color-content-heading);--title-bg-color:var(--color-content-bg-alt);--content-color:var(--color-content-text);--content-bg-color:var(--color-content-bg);--closer-color:var(--color-content-heading);--popup-width:100vw;--popup-padding:2%;\"><div class=\"w-popup-box animation_fadeIn closerpos_inside without_title\"><div class=\"w-popup-box-h\"><div class=\"w-popup-box-content\"><section class=\"l-section wpb_row height_auto\"><div class=\"l-section-h i-cf\"><div class=\"g-cols vc_row via_grid cols_1 laptops-cols_inherit tablets-cols_inherit mobiles-cols_1 valign_top type_default stacking_default\"><div class=\"wpb_column vc_column_container us_custom_315b8835 has_bg_color\"><div class=\"vc_column-inner\"><div class=\"g-cols wpb_row via_grid cols_1 laptops-cols_inherit tablets-cols_inherit mobiles-cols_1 valign_top type_default stacking_default\" style=\"--gap:3rem;\"><div class=\"wpb_column vc_column_container\"><div class=\"vc_column-inner\"><div class=\"w-html\"><form action=\"https:\/\/a5i1d5.emailsp.com\/frontend\/subscribe.aspx\">\n<div>\n    <h2 style=\"font-size:32px; text-align:center;margin-bottom:25px\">Iscriviti alla newsletter di Laines du Nord<\/h2>\n<\/div>\n<div style=\"width:40%;float:left;margin-right:2%\">\n    <label>Seleziona la lingua*<\/label>\n    <select name=\"campo28\" id=\"campo28\" required=\"required\">\n        <option value=\"\" selected=\"selected\"><\/option>\n        <option value=\"Italiano\">Italiano<\/option>\n        <option value=\"English\">English<\/option>\n\t\t <option value=\"Deutsch\">Deutsch<\/option>\n<option value=\"Fran\u00e7ais\">Fran\u00e7ais<\/option>\n    <\/select>\n<\/div>\n<div style=\"width:40%;float:left;margin-right:2%\">\n    <label>Inserisci la tua email*<\/label>\n    <input type=\"email\" name=\"email\" id=\"email\" placeholder=\"email\" required=\"required\">\n<\/div>\n<div style=\"width:10%;float:left;position:absolute;bottom:0;right:0; font-size: calc(12px + 0.1vw);line-height: 30px;font-weight: 400;background-color:#000000;\">\n    <button type=\"submit\" name=\"submit\" value=\"true\" target=\"_blank\">\n        ISCRIVITI\n    <\/button>\n<\/div>\n<input type=\"hidden\" id=\"apgroup\" name=\"apgroup\" value=\"15\">\n<input type=\"hidden\" name=\"list\" value=\"1\">\n<\/form><\/div><\/div><\/div><\/div><\/div><\/div><\/div><\/div><\/section>\n<\/div><div class=\"w-popup-closer\"><\/div><\/div><\/div><\/div><\/div><\/div><\/div><div class=\"wpb_column vc_column_container us_custom_c5cae4b9\"><div class=\"vc_column-inner\"><div class=\"w-btn-wrapper align_center\"><a class=\"w-btn us-btn-style_5 us_custom_620cf920\" href=\"https:\/\/www.lainesdunord.it\/fr\/contacts\/\"><span class=\"w-btn-label\">contactez-nous<\/span><\/a><\/div><\/div><\/div><\/div><\/div><\/div><\/div><\/div><\/section>\n<\/div><\/div><\/div><\/div><\/section>\n","protected":false},"excerpt":{"rendered":"FilsMod\u00e8leslocalisateur de magasinsUN ARC-EN-CIEL DE COULEURS ET DE TEXTURES POUR R\u00c9PONDRE \u00c0 TOUS LES BESOINSNous proposons une large gamme de fils dans diff\u00e9rentes fibres naturelles, telles que la laine, le coton, l\u2019alpaga et le cachemire. Gr\u00e2ce \u00e0 une recherche continue et \u00e0 une d\u00e9marche constante d\u2019exp\u00e9rimentation, nous sommes en mesure d\u2019offrir une grande vari\u00e9t\u00e9 de...","protected":false},"author":2,"featured_media":0,"parent":0,"menu_order":0,"comment_status":"closed","ping_status":"closed","template":"","meta":{"footnotes":""},"class_list":["post-11919","page","type-page","status-publish","hentry"],"_links":{"self":[{"href":"https:\/\/www.lainesdunord.it\/fr\/wp-json\/wp\/v2\/pages\/11919"}],"collection":[{"href":"https:\/\/www.lainesdunord.it\/fr\/wp-json\/wp\/v2\/pages"}],"about":[{"href":"https:\/\/www.lainesdunord.it\/fr\/wp-json\/wp\/v2\/types\/page"}],"author":[{"embeddable":true,"href":"https:\/\/www.lainesdunord.it\/fr\/wp-json\/wp\/v2\/users\/2"}],"replies":[{"embeddable":true,"href":"https:\/\/www.lainesdunord.it\/fr\/wp-json\/wp\/v2\/comments?post=11919"}],"version-history":[{"count":5,"href":"https:\/\/www.lainesdunord.it\/fr\/wp-json\/wp\/v2\/pages\/11919\/revisions"}],"predecessor-version":[{"id":12032,"href":"https:\/\/www.lainesdunord.it\/fr\/wp-json\/wp\/v2\/pages\/11919\/revisions\/12032"}],"wp:attachment":[{"href":"https:\/\/www.lainesdunord.it\/fr\/wp-json\/wp\/v2\/media?parent=11919"}],"curies":[{"name":"wp","href":"https:\/\/api.w.org\/{rel}","templated":true}]}}