{"id":12033,"date":"2024-10-10T12:57:57","date_gmt":"2024-10-10T12:57:57","guid":{"rendered":"https:\/\/www.lainesdunord.it\/brochures\/"},"modified":"2026-03-16T11:49:52","modified_gmt":"2026-03-16T11:49:52","slug":"brochures","status":"publish","type":"page","link":"https:\/\/www.lainesdunord.it\/fr\/brochures\/","title":{"rendered":"Brochures"},"content":{"rendered":"<section class=\"l-section wpb_row us_custom_3a216a9a height_auto width_full\"><div class=\"l-section-h i-cf\"><div class=\"g-cols vc_row via_grid cols_1 laptops-cols_inherit tablets-cols_inherit mobiles-cols_1 valign_top type_default stacking_default\"><div class=\"wpb_column vc_column_container us_custom_6f60ed55\"><div class=\"vc_column-inner\"><nav class=\"w-menu layout_hor spread style_links not_responsive us_menu_1\" style=\"--main-gap:1.5rem;--main-ver-indent:0.8em;--main-hor-indent:0.8em;--main-color:inherit;\"><ul id=\"menu-top-menu-fr\" class=\"menu\"><li id=\"menu-item-12140\" class=\"menu-item menu-item-type-custom menu-item-object-custom menu-item-12140\"><a href=\"https:\/\/www.lainesdunord.it\/fr\/modele-de-liste-de-fils-ne-pas-modifier\/\">Fils<\/a><\/li><li id=\"menu-item-12141\" class=\"menu-item menu-item-type-custom menu-item-object-custom menu-item-12141\"><a href=\"https:\/\/www.lainesdunord.it\/fr\/modeles-de-listes-ne-pas-modifier\/\">Mod\u00e8les<\/a><\/li><li id=\"menu-item-12135\" class=\"menu-item menu-item-type-post_type menu-item-object-page menu-item-12135\"><a href=\"https:\/\/www.lainesdunord.it\/fr\/nos-points-de-vente\/\">localisateur de magasins<\/a><\/li><\/ul><\/nav><\/div><\/div><\/div><\/div><\/section><section class=\"l-section wpb_row us_custom_19737bc8 height_small width_full\"><div class=\"l-section-h i-cf\"><div class=\"g-cols vc_row via_grid cols_1 laptops-cols_inherit tablets-cols_inherit mobiles-cols_1 valign_top type_default stacking_default\"><div class=\"wpb_column vc_column_container us_custom_a874c9af\"><div class=\"vc_column-inner\"><nav class=\"g-breadcrumbs us_custom_bebfd6b7 has_text_color separator_custom align_none\" itemscope itemtype=\"http:\/\/schema.org\/BreadcrumbList\"><div class=\"g-breadcrumbs-item\" itemscope itemprop=\"itemListElement\" itemtype=\"http:\/\/schema.org\/ListItem\"><a itemprop=\"item\" href=\"http:\/\/www.lainesdunord.it\/fr\/\"><span itemprop=\"name\">Accueil<\/span><\/a><meta itemprop=\"position\" content=\"1\"\/><\/div><div class=\"g-breadcrumbs-separator\">\/<\/div><div class=\"g-breadcrumbs-item\">Pages<\/div><\/nav><\/div><\/div><\/div><\/div><\/section><section class=\"l-section wpb_row us_custom_32027291 height_small width_full\"><div class=\"l-section-h i-cf\"><div class=\"g-cols vc_row via_grid cols_1 laptops-cols_inherit tablets-cols_inherit mobiles-cols_1 valign_top type_default stacking_default\"><div class=\"wpb_column vc_column_container us_custom_2f737d1c\"><div class=\"vc_column-inner\"><h1 class=\"w-text us_custom_4771b1bd\"><span class=\"w-text-h\"><span class=\"w-text-value\">Consultez notre brochure<\/span><\/span><\/h1><\/div><\/div><div class=\"wpb_column vc_column_container us_custom_2f737d1c stretched\"><div class=\"vc_column-inner\"><div class=\"wpb_text_column us_custom_21991d45\"><div class=\"wpb_wrapper\"><p style=\"text-align: center;\"><span><div class=\"_df_book df-lite\" id=\"df_10698\"  _slug=\"lain-du-nord-brochure-ita\" data-title=\"laines-du-nord-brochure-ita\" wpoptions=\"true\" thumbtype=\"\" ><\/div><script class=\"df-shortcode-script\" nowprocket type=\"application\/javascript\">window.option_df_10698 = {\"outline\":[],\"backgroundColor\":\"#F5F5F5\",\"autoEnableOutline\":\"false\",\"autoEnableThumbnail\":\"false\",\"overwritePDFOutline\":\"false\",\"direction\":\"1\",\"pageSize\":\"0\",\"source\":\"https:\\\/\\\/www.lainesdunord.it\\\/wp-content\\\/uploads\\\/2025\\\/02\\\/2025_LDN_Brochure_ITA-2.pdf\",\"wpOptions\":\"true\"}; if(window.DFLIP && window.DFLIP.parseBooks){window.DFLIP.parseBooks();}<\/script><\/span><\/p>\n<\/div><\/div><\/div><\/div><\/div><\/div><\/section><section class=\"l-section wpb_row us_custom_6b40e87f height_auto width_full\"><div class=\"l-section-h i-cf\"><div class=\"g-cols vc_row via_grid cols_1 laptops-cols_inherit tablets-cols_inherit mobiles-cols_1 valign_top type_default stacking_default\"><div class=\"wpb_column vc_column_container\"><div class=\"vc_column-inner\"><h2 class=\"w-text us_custom_4711228d has_text_color\"><span class=\"w-text-h\"><span class=\"w-text-value\">Ne manquez pas les derni\u00e8res nouvelles<\/span><\/span><\/h2><\/div><\/div><div class=\"wpb_column vc_column_container us_custom_70788412\"><div class=\"vc_column-inner\"><div class=\"wpb_text_column\"><div class=\"wpb_wrapper\"><p style=\"text-align: center; font-weight: 600; letter-spacing: 0.1em;\">Inscrivez-vous \u00e0 notre newsletter pour obtenir des informations sur nos produits et mod\u00e8les !<\/p>\n<\/div><\/div><\/div><\/div><div class=\"wpb_column vc_column_container us_custom_3f612ce6\"><div class=\"vc_column-inner\"><div class=\"g-cols wpb_row via_grid cols_2 laptops-cols_inherit tablets-cols_inherit mobiles-cols_2 valign_middle type_default stacking_default\" style=\"--gap:3rem;\"><div class=\"wpb_column vc_column_container\"><div class=\"vc_column-inner\"><div class=\"w-btn-wrapper align_center\"><a class=\"w-btn us-btn-style_5 us_custom_601dfb79\" href=\"#\"><span class=\"w-btn-label\">s&#039;inscrire<\/span><\/a><\/div><\/div><\/div><div class=\"wpb_column vc_column_container\"><div class=\"vc_column-inner\"><div class=\"w-btn-wrapper align_center\"><a class=\"w-btn us-btn-style_5 us_custom_4ae5eedc\" href=\"#\"><span class=\"w-btn-label\">contactez-nous<\/span><\/a><\/div><\/div><\/div><\/div><\/div><\/div><\/div><\/div><\/section>\n","protected":false},"excerpt":{"rendered":"FilsMod\u00e8leslocalisateur de magasinsAccueil\/PagesConsultez notre brochure Ne manquez pas les derni\u00e8res nouvellesInscrivez-vous \u00e0 notre newsletter pour obtenir des informations sur nos produits et mod\u00e8les ! s&#039;inscrirecontactez-nous","protected":false},"author":2,"featured_media":0,"parent":0,"menu_order":0,"comment_status":"closed","ping_status":"closed","template":"","meta":{"footnotes":""},"class_list":["post-12033","page","type-page","status-publish","hentry"],"_links":{"self":[{"href":"https:\/\/www.lainesdunord.it\/fr\/wp-json\/wp\/v2\/pages\/12033"}],"collection":[{"href":"https:\/\/www.lainesdunord.it\/fr\/wp-json\/wp\/v2\/pages"}],"about":[{"href":"https:\/\/www.lainesdunord.it\/fr\/wp-json\/wp\/v2\/types\/page"}],"author":[{"embeddable":true,"href":"https:\/\/www.lainesdunord.it\/fr\/wp-json\/wp\/v2\/users\/2"}],"replies":[{"embeddable":true,"href":"https:\/\/www.lainesdunord.it\/fr\/wp-json\/wp\/v2\/comments?post=12033"}],"version-history":[{"count":2,"href":"https:\/\/www.lainesdunord.it\/fr\/wp-json\/wp\/v2\/pages\/12033\/revisions"}],"predecessor-version":[{"id":12035,"href":"https:\/\/www.lainesdunord.it\/fr\/wp-json\/wp\/v2\/pages\/12033\/revisions\/12035"}],"wp:attachment":[{"href":"https:\/\/www.lainesdunord.it\/fr\/wp-json\/wp\/v2\/media?parent=12033"}],"curies":[{"name":"wp","href":"https:\/\/api.w.org\/{rel}","templated":true}]}}