{"id":12048,"date":"2024-11-05T13:47:06","date_gmt":"2024-11-05T13:47:06","guid":{"rendered":"https:\/\/www.lainesdunord.it\/aucun-resultat\/"},"modified":"2026-03-16T13:47:32","modified_gmt":"2026-03-16T13:47:32","slug":"aucun-resultat","status":"publish","type":"page","link":"https:\/\/www.lainesdunord.it\/fr\/aucun-resultat\/","title":{"rendered":"aucun r\u00e9sultat"},"content":{"rendered":"<section class=\"l-section wpb_row us_custom_3a216a9a height_auto width_full\"><div class=\"l-section-h i-cf\"><div class=\"g-cols vc_row via_grid cols_1 laptops-cols_inherit tablets-cols_inherit mobiles-cols_1 valign_top type_default stacking_default\"><div class=\"wpb_column vc_column_container us_custom_6f60ed55\"><div class=\"vc_column-inner\"><nav class=\"w-menu layout_hor spread style_links not_responsive us_menu_1\" style=\"--main-gap:1.5rem;--main-ver-indent:0.8em;--main-hor-indent:0.8em;--main-color:inherit;\"><ul id=\"menu-top-menu-fr\" class=\"menu\"><li id=\"menu-item-12140\" class=\"menu-item menu-item-type-custom menu-item-object-custom menu-item-12140\"><a href=\"https:\/\/www.lainesdunord.it\/fr\/modele-de-liste-de-fils-ne-pas-modifier\/\">Fils<\/a><\/li><li id=\"menu-item-12141\" class=\"menu-item menu-item-type-custom menu-item-object-custom menu-item-12141\"><a href=\"https:\/\/www.lainesdunord.it\/fr\/modeles-de-listes-ne-pas-modifier\/\">Mod\u00e8les<\/a><\/li><li id=\"menu-item-12135\" class=\"menu-item menu-item-type-post_type menu-item-object-page menu-item-12135\"><a href=\"https:\/\/www.lainesdunord.it\/fr\/nos-points-de-vente\/\">localisateur de magasins<\/a><\/li><\/ul><\/nav><\/div><\/div><\/div><\/div><\/section><section class=\"l-section wpb_row us_custom_a4cbc480 height_small width_full\"><div class=\"l-section-h i-cf\"><div class=\"g-cols vc_row via_grid cols_1 laptops-cols_inherit tablets-cols_inherit mobiles-cols_1 valign_top type_default stacking_default\"><div class=\"wpb_column vc_column_container\"><div class=\"vc_column-inner\"><div class=\"w-image align_center\"><div class=\"w-image-h\"><img decoding=\"async\" width=\"150\" height=\"150\" src=\"https:\/\/www.lainesdunord.it\/wp-content\/uploads\/2024\/11\/knitting.svg\" class=\"attachment-thumbnail size-thumbnail\" alt=\"\" loading=\"lazy\" \/><\/div><\/div><\/div><\/div><\/div><\/div><\/section><section class=\"l-section wpb_row height_small width_full\"><div class=\"l-section-h i-cf\"><div class=\"g-cols vc_row via_grid cols_1 laptops-cols_inherit tablets-cols_inherit mobiles-cols_1 valign_top type_default stacking_default\"><div class=\"wpb_column vc_column_container\"><div class=\"vc_column-inner\"><h2 class=\"w-text us_custom_7745b14d\"><span class=\"w-text-h\"><span class=\"w-text-value\">D\u00e9sol\u00e9, nous n&#039;avons pas trouv\u00e9 de r\u00e9sultats correspondant \u00e0 votre recherche.<\/span><\/span><\/h2><p class=\"w-text us_custom_0d78eac3\"><span class=\"w-text-h\"><span class=\"w-text-value\">Essayez de faire une nouvelle recherche, en faisant attention aux fautes de frappe, ou essayez un terme plus g\u00e9n\u00e9rique.<\/span><\/span><\/p><\/div><\/div><\/div><\/div><\/section><section class=\"l-section wpb_row height_auto width_full\"><div class=\"l-section-h i-cf\"><div class=\"g-cols vc_row via_grid cols_1 laptops-cols_inherit tablets-cols_inherit mobiles-cols_1 valign_top type_default stacking_default\"><div class=\"wpb_column vc_column_container\"><div class=\"vc_column-inner\"><section class=\"l-section wpb_row us_custom_6b40e87f height_auto width_full\"><div class=\"l-section-h i-cf\"><div class=\"g-cols vc_row via_grid cols_1 laptops-cols_inherit tablets-cols_inherit mobiles-cols_1 valign_top type_default stacking_default\"><div class=\"wpb_column vc_column_container\"><div class=\"vc_column-inner\"><h2 class=\"w-text us_custom_803773b8 has_text_color\"><span class=\"w-text-h\"><span class=\"w-text-value\">Ne manquez pas les derni\u00e8res nouvelles<\/span><\/span><\/h2><\/div><\/div><div class=\"wpb_column vc_column_container us_custom_70788412\"><div class=\"vc_column-inner\"><div class=\"wpb_text_column us_custom_f3945b9f\"><div class=\"wpb_wrapper\"><p style=\"text-align: center; letter-spacing: 0.1em;\">Inscrivez-vous \u00e0 notre newsletter pour obtenir des informations sur nos produits et mod\u00e8les !<\/p>\n<\/div><\/div><\/div><\/div><div class=\"wpb_column vc_column_container us_custom_3f612ce6\"><div class=\"vc_column-inner\"><div class=\"g-cols wpb_row via_grid cols_2 laptops-cols_inherit tablets-cols_1 mobiles-cols_1 valign_middle type_default stacking_default\" style=\"--gap:3rem;\"><div class=\"wpb_column vc_column_container us_custom_201b0d3e\"><div class=\"vc_column-inner\"><div class=\"w-btn-wrapper align_center\"><button class=\"w-btn us-btn-style_5 us_custom_620cf920\" id=\"nl-popup\"><span class=\"w-btn-label\">s&#039;inscrire<\/span><\/button><\/div><div class=\"w-popup align_none\"><span class=\"w-popup-trigger type_selector\" data-selector=\"#nl-popup\"><\/span><div class=\"w-popup-overlay\" style=\"background:rgba(0,0,0,0.50);\"><\/div><div class=\"w-popup-wrap layout_default\" style=\"--title-color:var(--color-content-heading);--title-bg-color:var(--color-content-bg-alt);--content-color:var(--color-content-text);--content-bg-color:var(--color-content-bg);--closer-color:var(--color-content-heading);--popup-width:100vw;--popup-padding:2%;\"><div class=\"w-popup-box animation_fadeIn closerpos_inside without_title\"><div class=\"w-popup-box-h\"><div class=\"w-popup-box-content\"><section class=\"l-section wpb_row height_auto\"><div class=\"l-section-h i-cf\"><div class=\"g-cols vc_row via_grid cols_1 laptops-cols_inherit tablets-cols_inherit mobiles-cols_1 valign_top type_default stacking_default\"><div class=\"wpb_column vc_column_container us_custom_315b8835 has_bg_color\"><div class=\"vc_column-inner\"><div class=\"g-cols wpb_row via_grid cols_1 laptops-cols_inherit tablets-cols_inherit mobiles-cols_1 valign_top type_default stacking_default\" style=\"--gap:3rem;\"><div class=\"wpb_column vc_column_container\"><div class=\"vc_column-inner\"><div class=\"w-html\"><form action=\"https:\/\/a5i1d5.emailsp.com\/frontend\/subscribe.aspx\">\n<div>\n    <h2 style=\"font-size:32px; text-align:center;margin-bottom:25px\">Iscriviti alla newsletter di Laines du Nord<\/h2>\n<\/div>\n<div style=\"width:40%;float:left;margin-right:2%\">\n    <label>Seleziona la lingua*<\/label>\n    <select name=\"campo28\" id=\"campo28\" required=\"required\">\n        <option value=\"\" selected=\"selected\"><\/option>\n        <option value=\"Italiano\">Italiano<\/option>\n        <option value=\"English\">English<\/option>\n\t\t <option value=\"Deutsch\">Deutsch<\/option>\n<option value=\"Fran\u00e7ais\">Fran\u00e7ais<\/option>\n    <\/select>\n<\/div>\n<div style=\"width:40%;float:left;margin-right:2%\">\n    <label>Inserisci la tua email*<\/label>\n    <input type=\"email\" name=\"email\" id=\"email\" placeholder=\"email\" required=\"required\">\n<\/div>\n<div style=\"width:10%;float:left;position:absolute;bottom:0;right:0; font-size: calc(12px + 0.1vw);line-height: 30px;font-weight: 400;background-color:#000000;\">\n    <button type=\"submit\" name=\"submit\" value=\"true\" target=\"_blank\">\n        ISCRIVITI\n    <\/button>\n<\/div>\n<input type=\"hidden\" id=\"apgroup\" name=\"apgroup\" value=\"15\">\n<input type=\"hidden\" name=\"list\" value=\"1\">\n<\/form><\/div><\/div><\/div><\/div><\/div><\/div><\/div><\/div><\/section>\n<\/div><div class=\"w-popup-closer\"><\/div><\/div><\/div><\/div><\/div><\/div><\/div><div class=\"wpb_column vc_column_container us_custom_c5cae4b9\"><div class=\"vc_column-inner\"><div class=\"w-btn-wrapper align_center\"><a class=\"w-btn us-btn-style_5 us_custom_620cf920\" href=\"https:\/\/www.lainesdunord.it\/fr\/contacts\/\"><span class=\"w-btn-label\">contactez-nous<\/span><\/a><\/div><\/div><\/div><\/div><\/div><\/div><\/div><\/div><\/section>\n<\/div><\/div><\/div><\/div><\/section>\n","protected":false},"excerpt":{"rendered":"FilsMod\u00e8leslocalisateur de magasinsD\u00e9sol\u00e9, nous n&#039;avons pas trouv\u00e9 de r\u00e9sultats correspondant \u00e0 votre recherche.Essayez de faire une nouvelle recherche, en faisant attention aux fautes de frappe, ou essayez un terme plus g\u00e9n\u00e9rique.Ne manquez pas les derni\u00e8res nouvellesInscrivez-vous \u00e0 notre newsletter pour obtenir des informations sur nos produits et mod\u00e8les ! s&#039;inscrire Iscriviti alla newsletter di Laines...","protected":false},"author":2,"featured_media":0,"parent":0,"menu_order":0,"comment_status":"closed","ping_status":"closed","template":"","meta":{"footnotes":""},"class_list":["post-12048","page","type-page","status-publish","hentry"],"_links":{"self":[{"href":"https:\/\/www.lainesdunord.it\/fr\/wp-json\/wp\/v2\/pages\/12048"}],"collection":[{"href":"https:\/\/www.lainesdunord.it\/fr\/wp-json\/wp\/v2\/pages"}],"about":[{"href":"https:\/\/www.lainesdunord.it\/fr\/wp-json\/wp\/v2\/types\/page"}],"author":[{"embeddable":true,"href":"https:\/\/www.lainesdunord.it\/fr\/wp-json\/wp\/v2\/users\/2"}],"replies":[{"embeddable":true,"href":"https:\/\/www.lainesdunord.it\/fr\/wp-json\/wp\/v2\/comments?post=12048"}],"version-history":[{"count":2,"href":"https:\/\/www.lainesdunord.it\/fr\/wp-json\/wp\/v2\/pages\/12048\/revisions"}],"predecessor-version":[{"id":12050,"href":"https:\/\/www.lainesdunord.it\/fr\/wp-json\/wp\/v2\/pages\/12048\/revisions\/12050"}],"wp:attachment":[{"href":"https:\/\/www.lainesdunord.it\/fr\/wp-json\/wp\/v2\/media?parent=12048"}],"curies":[{"name":"wp","href":"https:\/\/api.w.org\/{rel}","templated":true}]}}