{"id":12051,"date":"2024-09-12T08:10:07","date_gmt":"2024-09-12T08:10:07","guid":{"rendered":"https:\/\/www.lainesdunord.it\/la-durabilite\/"},"modified":"2026-03-16T13:47:42","modified_gmt":"2026-03-16T13:47:42","slug":"la-durabilite","status":"publish","type":"page","link":"https:\/\/www.lainesdunord.it\/fr\/la-durabilite\/","title":{"rendered":"la durabilit\u00e9"},"content":{"rendered":"<section class=\"l-section wpb_row height_auto width_full\"><div class=\"l-section-h i-cf\"><div class=\"g-cols vc_row via_grid cols_1 laptops-cols_inherit tablets-cols_inherit mobiles-cols_1 valign_top type_default stacking_default\"><div class=\"wpb_column vc_column_container\"><div class=\"vc_column-inner\"><div class=\"w-video hide_on_tablets hide_on_mobiles align_none ratio_16x9 has_iframe\"><div class=\"w-video-h\"><iframe title=\"Vimeo video player\" src=\"https:\/\/player.vimeo.com\/video\/1015147569?autoplay=1&loop=1&autopause=0&color=00adef&portrait=0&byline=0&title=0&controls=0&muted=1&h=f62eae6acc\" frameborder=\"0\" allow=\"autoplay; fullscreen\" allowfullscreen loading=\"lazy\"><\/iframe><\/div><div class=\"w-video-icon\" style=\"font-size:1.5rem;background:rgba(0,0,0,0.5);color:#fff\"><\/div><\/div><div class=\"w-html us_custom_2d9ebfef hide_on_default hide_on_laptops\">\n\t\t\t\t<p class=\"rs-p-wp-fix\"><\/p>\n\t\t\t\t<sr7-module data-alias=\"sostenibilita\" data-id=\"6\" id=\"SR7_6_1\" class=\"rs-ov-hidden\" data-version=\"6.7.38\">\n\t\t\t\t\t<sr7-adjuster><\/sr7-adjuster>\n\t\t\t\t\t<sr7-content>\n\t\t\t\t\t\t<sr7-slide id=\"SR7_6_1-12\" data-key=\"12\">\n\t\t\t\t\t\t<\/sr7-slide>\n\t\t\t\t\t\t<sr7-slide id=\"SR7_6_1-13\" data-key=\"13\">\n\t\t\t\t\t\t<\/sr7-slide>\n\t\t\t\t\t<\/sr7-content>\n\t\t\t\t<\/sr7-module>\n\t\t\t\t<script>\n\t\t\t\t\tSR7.PMH ??={}; SR7.PMH[\"SR7_6_1\"] = {cn:100,state:false,fn: function() { if (_tpt!==undefined && _tpt.prepareModuleHeight !== undefined) {  _tpt.prepareModuleHeight({id:\"SR7_6_1\",el:[900,900,768,960,720],type:'hero',shdw:'0',gh:[900,900,768,960,720],gw:[1240,1240,1024,778,480],vpt:['100px&#039;,&#039;100px&#039;,&#039;100px&#039;,&#039;100px&#039;,&#039;100px'],size:{fullWidth:true, fullHeight:false},mh:'0',onh:0,onw:0,bg:{color:'{\"orig\":\"transparent\",\"type\":\"solid\",\"string\":\"transparent\"}'}});   SR7.PMH[\"SR7_6_1\"].state=true;} else if(SR7.PMH[\"SR7_6_1\"].cn-->0)\tsetTimeout( SR7.PMH[\"SR7_6_1\"].fn,19);}};SR7.PMH[\"SR7_6_1\" ].fn();\n\t\t\t\t<\/script>\n<\/div><\/div><\/div><\/div><\/div><\/section><section class=\"l-section wpb_row us_custom_3a216a9a height_auto width_full\"><div class=\"l-section-h i-cf\"><div class=\"g-cols vc_row via_grid cols_1 laptops-cols_inherit tablets-cols_inherit mobiles-cols_1 valign_top type_default stacking_default\"><div class=\"wpb_column vc_column_container us_custom_6f60ed55\"><div class=\"vc_column-inner\"><nav class=\"w-menu layout_hor spread style_links not_responsive us_menu_1\" style=\"--main-gap:1.5rem;--main-ver-indent:0.8em;--main-hor-indent:0.8em;--main-color:inherit;\"><ul id=\"menu-top-menu-fr\" class=\"menu\"><li id=\"menu-item-12140\" class=\"menu-item menu-item-type-custom menu-item-object-custom menu-item-12140\"><a href=\"https:\/\/www.lainesdunord.it\/fr\/modele-de-liste-de-fils-ne-pas-modifier\/\">Fils<\/a><\/li><li id=\"menu-item-12141\" class=\"menu-item menu-item-type-custom menu-item-object-custom menu-item-12141\"><a href=\"https:\/\/www.lainesdunord.it\/fr\/modeles-de-listes-ne-pas-modifier\/\">Mod\u00e8les<\/a><\/li><li id=\"menu-item-12135\" class=\"menu-item menu-item-type-post_type menu-item-object-page menu-item-12135\"><a href=\"https:\/\/www.lainesdunord.it\/fr\/nos-points-de-vente\/\">localisateur de magasins<\/a><\/li><\/ul><\/nav><\/div><\/div><\/div><\/div><\/section><section class=\"l-section wpb_row height_small width_full\"><div class=\"l-section-h i-cf\"><div class=\"g-cols vc_row via_grid cols_1 laptops-cols_inherit tablets-cols_inherit mobiles-cols_1 valign_top type_default stacking_default\"><div class=\"wpb_column vc_column_container\"><div class=\"vc_column-inner\"><h1 class=\"w-text us_custom_cf99f88a\"><span class=\"w-text-h\"><span class=\"w-text-value\">POUR UN PR\u00c9SENT DURABLE<\/span><\/span><\/h1><div class=\"wpb_text_column us_custom_4bf35739\"><div class=\"wpb_wrapper\"><p style=\"text-align: center;\">Chez Laines du Nord, nous avons toujours \u00e9t\u00e9 attentifs \u00e0 la protection de l&#8217;environnement et des animaux, en luttant contre l&#8217;exploitation inconsid\u00e9r\u00e9e des ressources. Nous pensons que la v\u00e9ritable qualit\u00e9 provient d&#8217;un processus de production qui respecte les mati\u00e8res premi\u00e8res, les travailleurs, la terre et le bien-\u00eatre des animaux. C&#8217;est pourquoi nous investissons en permanence pour am\u00e9liorer notre cha\u00eene de production et garantir un impact minimal sur l&#8217;environnement. Notre mantra est le suivant : &#8220;Satisfaire les besoins de la g\u00e9n\u00e9ration actuelle sans compromettre ceux de la g\u00e9n\u00e9ration future&#8221;.   <\/p>\n<\/div><\/div><\/div><\/div><\/div><\/div><\/section><section class=\"l-section wpb_row hide_on_default hide_on_laptops hide_on_tablets hide_on_mobiles height_auto width_full\"><div class=\"l-section-h i-cf\"><div class=\"g-cols vc_row via_grid cols_1 laptops-cols_inherit tablets-cols_inherit mobiles-cols_1 valign_top type_default stacking_default\"><div class=\"wpb_column vc_column_container\"><div class=\"vc_column-inner\"><div class=\"w-image has_ratio align_none\"><div class=\"w-image-h\"><div style=\"padding-bottom:33.3333%\"><\/div><img decoding=\"async\" width=\"1024\" height=\"341\" src=\"https:\/\/www.lainesdunord.it\/wp-content\/uploads\/2024\/09\/banner_sostenibilita_1920x640-1024x341.jpg\" class=\"attachment-large size-large\" alt=\"\" loading=\"lazy\" srcset=\"https:\/\/www.lainesdunord.it\/wp-content\/uploads\/2024\/09\/banner_sostenibilita_1920x640-1024x341.jpg 1024w, https:\/\/www.lainesdunord.it\/wp-content\/uploads\/2024\/09\/banner_sostenibilita_1920x640-300x100.jpg 300w, https:\/\/www.lainesdunord.it\/wp-content\/uploads\/2024\/09\/banner_sostenibilita_1920x640.jpg 1920w\" sizes=\"(max-width: 1024px) 100vw, 1024px\" \/><\/div><\/div><\/div><\/div><\/div><\/div><\/section><section class=\"l-section wpb_row us_custom_79a6436d height_auto width_full\"><div class=\"l-section-h i-cf\"><div class=\"g-cols vc_row via_grid cols_1 laptops-cols_inherit tablets-cols_inherit mobiles-cols_1 valign_middle type_default stacking_default\" style=\"--gap:50px;\"><div class=\"wpb_column vc_column_container\"><div class=\"vc_column-inner\"><div class=\"g-cols wpb_row via_grid cols_2 laptops-cols_inherit tablets-cols_inherit mobiles-cols_1 valign_middle type_default stacking_default\" style=\"--gap:0px;\"><div class=\"wpb_column vc_column_container us_custom_54f56bfb\"><div class=\"vc_column-inner\"><div class=\"w-image has_ratio align_none\"><div class=\"w-image-h\"><div style=\"padding-bottom:66.6667%\"><\/div><img decoding=\"async\" width=\"1024\" height=\"794\" src=\"https:\/\/www.lainesdunord.it\/wp-content\/uploads\/2024\/09\/mulesing-free-1024x794.jpg\" class=\"attachment-large size-large\" alt=\"\" loading=\"lazy\" srcset=\"https:\/\/www.lainesdunord.it\/wp-content\/uploads\/2024\/09\/mulesing-free-1024x794.jpg 1024w, https:\/\/www.lainesdunord.it\/wp-content\/uploads\/2024\/09\/mulesing-free-300x233.jpg 300w, https:\/\/www.lainesdunord.it\/wp-content\/uploads\/2024\/09\/mulesing-free.jpg 1920w\" sizes=\"(max-width: 1024px) 100vw, 1024px\" \/><\/div><\/div><\/div><\/div><div class=\"wpb_column vc_column_container us_custom_26785d76\"><div class=\"vc_column-inner\"><h2 class=\"w-text\"><span class=\"w-text-h\"><span class=\"w-text-value\">Un cycle de production durable et sans mules<\/span><\/span><\/h2><div class=\"wpb_text_column us_custom_f029a2ba\"><div class=\"wpb_wrapper\"><p>Avec les Laines du Nord, vous avez toujours la certitude de choisir un produit fabriqu\u00e9 \u00e0 partir de mati\u00e8res premi\u00e8res certifi\u00e9es et selon des proc\u00e9d\u00e9s respectueux de l&#8217;environnement. De la tonte, r\u00e9alis\u00e9e avec des techniques douces et dans le respect des cycles naturels des animaux, sans mulesing, \u00e0 la teinture des fils, toutes les \u00e9tapes de notre production se d\u00e9roulent dans le respect de l&#8217;environnement. En effet, le mulesing est une pratique d&#8217;\u00e9levage ovine controvers\u00e9e, qui consiste \u00e0 enlever la peau de la zone p\u00e9rianale du mouton pour \u00e9viter l&#8217;infestation par les mouches. Nous consid\u00e9rons cette pratique comme cruelle et inacceptable, c&#8217;est pourquoi tous nos fils sont certifi\u00e9s sans mulesing.   <\/p>\n<\/div><\/div><\/div><\/div><\/div><\/div><\/div><\/div><\/div><\/section><section class=\"l-section wpb_row us_custom_79a6436d height_auto width_full\"><div class=\"l-section-h i-cf\"><div class=\"g-cols vc_row via_grid cols_1 laptops-cols_inherit tablets-cols_inherit mobiles-cols_1 valign_middle type_default stacking_default\" style=\"--gap:50px;\"><div class=\"wpb_column vc_column_container\"><div class=\"vc_column-inner\"><div class=\"g-cols wpb_row via_grid cols_2 laptops-cols_inherit tablets-cols_inherit mobiles-cols_1 valign_middle type_default reversed stacking_default\" style=\"--gap:0px;\"><div class=\"wpb_column vc_column_container us_custom_26785d76\"><div class=\"vc_column-inner\"><h2 class=\"w-text us_custom_15f9d3f2\"><span class=\"w-text-h\"><span class=\"w-text-value\">GOTS : notre certification pour un avenir meilleur<\/span><\/span><\/h2><div class=\"wpb_text_column us_custom_f029a2ba\"><div class=\"wpb_wrapper\"><p>Laines du Nord est fi\u00e8re d&#8217;\u00eatre certifi\u00e9e GOTS (Global Organic Textile Standard), la plus importante certification internationale pour les textiles biologiques. Cette certification atteste que nos fils sont fabriqu\u00e9s \u00e0 partir de fibres certifi\u00e9es biologiques, dans le respect de crit\u00e8res environnementaux et sociaux stricts. <\/p>\n<\/div><\/div><div class=\"w-btn-wrapper align_center\"><a class=\"w-btn us-btn-style_5 us_custom_07b13c31\" target=\"_blank\" href=\"https:\/\/www.lainesdunord.it\/wp-content\/uploads\/2025\/08\/Laines-du-Nord-Scope-Certificate-scad-01-08-2026-No.-SC-013145-0-GOTS-2019-085-02A-00-3.pdf\"><span class=\"w-btn-label\">t\u00e9l\u00e9charger la certification<\/span><\/a><\/div><\/div><\/div><div class=\"wpb_column vc_column_container\"><div class=\"vc_column-inner\"><div class=\"w-image has_ratio align_left\"><div class=\"w-image-h\"><div style=\"padding-bottom:66.6667%\"><\/div><img decoding=\"async\" width=\"1024\" height=\"794\" src=\"https:\/\/www.lainesdunord.it\/wp-content\/uploads\/2024\/09\/gots-1024x794.jpg\" class=\"attachment-large size-large\" alt=\"\" loading=\"lazy\" srcset=\"https:\/\/www.lainesdunord.it\/wp-content\/uploads\/2024\/09\/gots-1024x794.jpg 1024w, https:\/\/www.lainesdunord.it\/wp-content\/uploads\/2024\/09\/gots-300x233.jpg 300w, https:\/\/www.lainesdunord.it\/wp-content\/uploads\/2024\/09\/gots.jpg 1920w\" sizes=\"(max-width: 1024px) 100vw, 1024px\" \/><\/div><\/div><\/div><\/div><\/div><\/div><\/div><\/div><\/div><\/section><section class=\"l-section wpb_row us_custom_79a6436d height_auto width_full\"><div class=\"l-section-h i-cf\"><div class=\"g-cols vc_row via_grid cols_1 laptops-cols_inherit tablets-cols_inherit mobiles-cols_1 valign_middle type_default stacking_default\" style=\"--gap:50px;\"><div class=\"wpb_column vc_column_container\"><div class=\"vc_column-inner\"><div class=\"g-cols wpb_row via_grid cols_2 laptops-cols_inherit tablets-cols_inherit mobiles-cols_1 valign_middle type_default stacking_default\" style=\"--gap:0px;\"><div class=\"wpb_column vc_column_container us_custom_54f56bfb\"><div class=\"vc_column-inner\"><div class=\"w-image has_ratio align_none\"><div class=\"w-image-h\"><div style=\"padding-bottom:66.6667%\"><\/div><img decoding=\"async\" width=\"1024\" height=\"794\" src=\"https:\/\/www.lainesdunord.it\/wp-content\/uploads\/2024\/09\/oeko-1024x794.jpg\" class=\"attachment-large size-large\" alt=\"\" loading=\"lazy\" srcset=\"https:\/\/www.lainesdunord.it\/wp-content\/uploads\/2024\/09\/oeko-1024x794.jpg 1024w, https:\/\/www.lainesdunord.it\/wp-content\/uploads\/2024\/09\/oeko-300x233.jpg 300w, https:\/\/www.lainesdunord.it\/wp-content\/uploads\/2024\/09\/oeko.jpg 1920w\" sizes=\"(max-width: 1024px) 100vw, 1024px\" \/><\/div><\/div><\/div><\/div><div class=\"wpb_column vc_column_container us_custom_26785d76\"><div class=\"vc_column-inner\"><h2 class=\"w-text\"><span class=\"w-text-h\"><span class=\"w-text-value\">Certification STANDARD 100 par OEKO-TEX\u00ae pour une s\u00e9curit\u00e9 maximale<\/span><\/span><\/h2><div class=\"wpb_text_column us_custom_f029a2ba\"><div class=\"wpb_wrapper\"><p>Laines du Nord est certifi\u00e9 STANDARD 100 par OEKO-TEX\u00ae, une garantie de s\u00e9curit\u00e9 et de qualit\u00e9 pour les produits textiles. Cette reconnaissance internationale atteste que chaque composant, des fils aux accessoires, a \u00e9t\u00e9 soumis \u00e0 des tests rigoureux sur les substances nocives. Cette certification confirme l&#8217;engagement de notre entreprise \u00e0 respecter des crit\u00e8res humano-\u00e9cologiques extr\u00eamement stricts, offrant ainsi \u00e0 tous les consommateurs des produits s\u00fbrs qui r\u00e9pondent aux normes les plus exigeantes du monde.  <\/p>\n<\/div><\/div><div class=\"w-btn-wrapper align_center\"><a class=\"w-btn us-btn-style_5 us_custom_07b13c31\" href=\"mailto:customer@lainesdunord.com?subject=Richiedi la certificazione STANDARD 100 by OEKO-TEX\"><span class=\"w-btn-label\">Demande de certification<\/span><\/a><\/div><\/div><\/div><\/div><\/div><\/div><\/div><\/div><\/section><section class=\"l-section wpb_row height_auto width_full\"><div class=\"l-section-h i-cf\"><div class=\"g-cols vc_row via_grid cols_1 laptops-cols_inherit tablets-cols_inherit mobiles-cols_1 valign_top type_default stacking_default\"><div class=\"wpb_column vc_column_container\"><div class=\"vc_column-inner\"><section class=\"l-section wpb_row us_custom_6b40e87f height_auto width_full\"><div class=\"l-section-h i-cf\"><div class=\"g-cols vc_row via_grid cols_1 laptops-cols_inherit tablets-cols_inherit mobiles-cols_1 valign_top type_default stacking_default\"><div class=\"wpb_column vc_column_container\"><div class=\"vc_column-inner\"><h2 class=\"w-text us_custom_803773b8 has_text_color\"><span class=\"w-text-h\"><span class=\"w-text-value\">Ne manquez pas les derni\u00e8res nouvelles<\/span><\/span><\/h2><\/div><\/div><div class=\"wpb_column vc_column_container us_custom_70788412\"><div class=\"vc_column-inner\"><div class=\"wpb_text_column us_custom_f3945b9f\"><div class=\"wpb_wrapper\"><p style=\"text-align: center; letter-spacing: 0.1em;\">Inscrivez-vous \u00e0 notre newsletter pour obtenir des informations sur nos produits et mod\u00e8les !<\/p>\n<\/div><\/div><\/div><\/div><div class=\"wpb_column vc_column_container us_custom_3f612ce6\"><div class=\"vc_column-inner\"><div class=\"g-cols wpb_row via_grid cols_2 laptops-cols_inherit tablets-cols_1 mobiles-cols_1 valign_middle type_default stacking_default\" style=\"--gap:3rem;\"><div class=\"wpb_column vc_column_container us_custom_201b0d3e\"><div class=\"vc_column-inner\"><div class=\"w-btn-wrapper align_center\"><button class=\"w-btn us-btn-style_5 us_custom_620cf920\" id=\"nl-popup\"><span class=\"w-btn-label\">s&#039;inscrire<\/span><\/button><\/div><div class=\"w-popup align_none\"><span class=\"w-popup-trigger type_selector\" data-selector=\"#nl-popup\"><\/span><div class=\"w-popup-overlay\" style=\"background:rgba(0,0,0,0.50);\"><\/div><div class=\"w-popup-wrap layout_default\" style=\"--title-color:var(--color-content-heading);--title-bg-color:var(--color-content-bg-alt);--content-color:var(--color-content-text);--content-bg-color:var(--color-content-bg);--closer-color:var(--color-content-heading);--popup-width:100vw;--popup-padding:2%;\"><div class=\"w-popup-box animation_fadeIn closerpos_inside without_title\"><div class=\"w-popup-box-h\"><div class=\"w-popup-box-content\"><section class=\"l-section wpb_row height_auto\"><div class=\"l-section-h i-cf\"><div class=\"g-cols vc_row via_grid cols_1 laptops-cols_inherit tablets-cols_inherit mobiles-cols_1 valign_top type_default stacking_default\"><div class=\"wpb_column vc_column_container us_custom_315b8835 has_bg_color\"><div class=\"vc_column-inner\"><div class=\"g-cols wpb_row via_grid cols_1 laptops-cols_inherit tablets-cols_inherit mobiles-cols_1 valign_top type_default stacking_default\" style=\"--gap:3rem;\"><div class=\"wpb_column vc_column_container\"><div class=\"vc_column-inner\"><div class=\"w-html\"><form action=\"https:\/\/a5i1d5.emailsp.com\/frontend\/subscribe.aspx\">\n<div>\n    <h2 style=\"font-size:32px; text-align:center;margin-bottom:25px\">Iscriviti alla newsletter di Laines du Nord<\/h2>\n<\/div>\n<div style=\"width:40%;float:left;margin-right:2%\">\n    <label>Seleziona la lingua*<\/label>\n    <select name=\"campo28\" id=\"campo28\" required=\"required\">\n        <option value=\"\" selected=\"selected\"><\/option>\n        <option value=\"Italiano\">Italiano<\/option>\n        <option value=\"English\">English<\/option>\n\t\t <option value=\"Deutsch\">Deutsch<\/option>\n<option value=\"Fran\u00e7ais\">Fran\u00e7ais<\/option>\n    <\/select>\n<\/div>\n<div style=\"width:40%;float:left;margin-right:2%\">\n    <label>Inserisci la tua email*<\/label>\n    <input type=\"email\" name=\"email\" id=\"email\" placeholder=\"email\" required=\"required\">\n<\/div>\n<div style=\"width:10%;float:left;position:absolute;bottom:0;right:0; font-size: calc(12px + 0.1vw);line-height: 30px;font-weight: 400;background-color:#000000;\">\n    <button type=\"submit\" name=\"submit\" value=\"true\" target=\"_blank\">\n        ISCRIVITI\n    <\/button>\n<\/div>\n<input type=\"hidden\" id=\"apgroup\" name=\"apgroup\" value=\"15\">\n<input type=\"hidden\" name=\"list\" value=\"1\">\n<\/form><\/div><\/div><\/div><\/div><\/div><\/div><\/div><\/div><\/section>\n<\/div><div class=\"w-popup-closer\"><\/div><\/div><\/div><\/div><\/div><\/div><\/div><div class=\"wpb_column vc_column_container us_custom_c5cae4b9\"><div class=\"vc_column-inner\"><div class=\"w-btn-wrapper align_center\"><a class=\"w-btn us-btn-style_5 us_custom_620cf920\" href=\"https:\/\/www.lainesdunord.it\/fr\/contacts\/\"><span class=\"w-btn-label\">contactez-nous<\/span><\/a><\/div><\/div><\/div><\/div><\/div><\/div><\/div><\/div><\/section>\n<\/div><\/div><\/div><\/div><\/section>\n","protected":false},"excerpt":{"rendered":"FilsMod\u00e8leslocalisateur de magasinsPOUR UN PR\u00c9SENT DURABLEChez Laines du Nord, nous avons toujours \u00e9t\u00e9 attentifs \u00e0 la protection de l&#8217;environnement et des animaux, en luttant contre l&#8217;exploitation inconsid\u00e9r\u00e9e des ressources. Nous pensons que la v\u00e9ritable qualit\u00e9 provient d&#8217;un processus de production qui respecte les mati\u00e8res premi\u00e8res, les travailleurs, la terre et le bien-\u00eatre des animaux. C&#8217;est...","protected":false},"author":2,"featured_media":0,"parent":0,"menu_order":0,"comment_status":"closed","ping_status":"closed","template":"","meta":{"footnotes":""},"class_list":["post-12051","page","type-page","status-publish","hentry"],"_links":{"self":[{"href":"https:\/\/www.lainesdunord.it\/fr\/wp-json\/wp\/v2\/pages\/12051"}],"collection":[{"href":"https:\/\/www.lainesdunord.it\/fr\/wp-json\/wp\/v2\/pages"}],"about":[{"href":"https:\/\/www.lainesdunord.it\/fr\/wp-json\/wp\/v2\/types\/page"}],"author":[{"embeddable":true,"href":"https:\/\/www.lainesdunord.it\/fr\/wp-json\/wp\/v2\/users\/2"}],"replies":[{"embeddable":true,"href":"https:\/\/www.lainesdunord.it\/fr\/wp-json\/wp\/v2\/comments?post=12051"}],"version-history":[{"count":2,"href":"https:\/\/www.lainesdunord.it\/fr\/wp-json\/wp\/v2\/pages\/12051\/revisions"}],"predecessor-version":[{"id":12053,"href":"https:\/\/www.lainesdunord.it\/fr\/wp-json\/wp\/v2\/pages\/12051\/revisions\/12053"}],"wp:attachment":[{"href":"https:\/\/www.lainesdunord.it\/fr\/wp-json\/wp\/v2\/media?parent=12051"}],"curies":[{"name":"wp","href":"https:\/\/api.w.org\/{rel}","templated":true}]}}