{"id":12056,"date":"2024-09-30T10:27:46","date_gmt":"2024-09-30T10:27:46","guid":{"rendered":"https:\/\/www.lainesdunord.it\/localisateur-de-magasins\/"},"modified":"2026-03-27T11:14:24","modified_gmt":"2026-03-27T11:14:24","slug":"nos-points-de-vente","status":"publish","type":"page","link":"https:\/\/www.lainesdunord.it\/fr\/nos-points-de-vente\/","title":{"rendered":"localisateur de magasins"},"content":{"rendered":"<section class=\"l-section wpb_row height_auto width_full\"><div class=\"l-section-h i-cf\"><div class=\"g-cols vc_row via_grid cols_1 laptops-cols_inherit tablets-cols_inherit mobiles-cols_1 valign_top type_default stacking_default\"><div class=\"wpb_column vc_column_container\"><div class=\"vc_column-inner\"><div class=\"w-image has_ratio align_center\"><div class=\"w-image-h\"><div style=\"padding-bottom:33.3333%\"><\/div><img decoding=\"async\" width=\"1920\" height=\"640\" src=\"https:\/\/www.lainesdunord.it\/wp-content\/uploads\/2025\/12\/banner_store-locator_1920x640_2026.png\" class=\"attachment-full size-full\" alt=\"\" loading=\"lazy\" srcset=\"https:\/\/www.lainesdunord.it\/wp-content\/uploads\/2025\/12\/banner_store-locator_1920x640_2026.png 1920w, https:\/\/www.lainesdunord.it\/wp-content\/uploads\/2025\/12\/banner_store-locator_1920x640_2026-300x100.png 300w, https:\/\/www.lainesdunord.it\/wp-content\/uploads\/2025\/12\/banner_store-locator_1920x640_2026-1024x341.png 1024w\" sizes=\"(max-width: 1920px) 100vw, 1920px\" \/><\/div><\/div><\/div><\/div><\/div><\/div><\/section><section class=\"l-section wpb_row us_custom_3a216a9a height_auto width_full\"><div class=\"l-section-h i-cf\"><div class=\"g-cols vc_row via_grid cols_1 laptops-cols_inherit tablets-cols_inherit mobiles-cols_1 valign_top type_default stacking_default\"><div class=\"wpb_column vc_column_container us_custom_6f60ed55\"><div class=\"vc_column-inner\"><nav class=\"w-menu layout_hor spread style_links not_responsive us_menu_1\" style=\"--main-gap:1.5rem;--main-ver-indent:0.8em;--main-hor-indent:0.8em;--main-color:inherit;\"><ul id=\"menu-top-menu-fr\" class=\"menu\"><li id=\"menu-item-12140\" class=\"menu-item menu-item-type-custom menu-item-object-custom menu-item-12140\"><a href=\"https:\/\/www.lainesdunord.it\/fr\/modele-de-liste-de-fils-ne-pas-modifier\/\">Fils<\/a><\/li><li id=\"menu-item-12141\" class=\"menu-item menu-item-type-custom menu-item-object-custom menu-item-12141\"><a href=\"https:\/\/www.lainesdunord.it\/fr\/modeles-de-listes-ne-pas-modifier\/\">Mod\u00e8les<\/a><\/li><li id=\"menu-item-12135\" class=\"menu-item menu-item-type-post_type menu-item-object-page menu-item-12135\"><a href=\"https:\/\/www.lainesdunord.it\/fr\/nos-points-de-vente\/\">localisateur de magasins<\/a><\/li><\/ul><\/nav><\/div><\/div><\/div><\/div><\/section><section class=\"l-section wpb_row height_small width_full\"><div class=\"l-section-h i-cf\"><div class=\"g-cols vc_row via_grid cols_1 laptops-cols_inherit tablets-cols_inherit mobiles-cols_1 valign_top type_default stacking_default\"><div class=\"wpb_column vc_column_container\"><div class=\"vc_column-inner\"><h1 class=\"w-text us_custom_02976b75\"><span class=\"w-text-h\"><span class=\"w-text-value\">Localisation des magasins<\/span><\/span><\/h1><div class=\"wpb_text_column us_custom_4bf35739\"><div class=\"wpb_wrapper\"><p style=\"text-align: center;\"><span>D\u00e9couvrez la qualit\u00e9 de nos fils : trouvez o\u00f9 les acheter.<\/span><\/p>\n<\/div><\/div><\/div><\/div><\/div><\/div><\/section><section class=\"l-section wpb_row us_custom_f2d5b50e height_auto width_custom\" style=\"--site-content-width:1440px;\"><div class=\"l-section-h i-cf\"><div class=\"g-cols vc_row via_grid cols_1 laptops-cols_inherit tablets-cols_inherit mobiles-cols_1 valign_middle type_default stacking_default\" style=\"--gap:50px;\"><div class=\"wpb_column vc_column_container\"><div class=\"vc_column-inner\"><div class=\"w-tabs layout_hor style_trendy switch_click has_scrolling\" style=\"--sections-title-size:1em\" data-accordion-at-width=\"1\"><div class=\"w-tabs-list items_3 align_none\"><div class=\"w-tabs-list-h\"><button class=\"w-tabs-item active\" aria-controls=\"content-p968\" aria-expanded=\"false\"><span class=\"w-tabs-item-title\">BOUTIQUES<\/span><\/button><button class=\"w-tabs-item\" aria-controls=\"content-udec\" aria-expanded=\"false\"><span class=\"w-tabs-item-title\">BOUTIQUE EN LIGNE<\/span><\/button><button class=\"w-tabs-item\" aria-controls=\"content-aef7\" aria-expanded=\"false\"><span class=\"w-tabs-item-title\">DISTRIBUTEURS<\/span><\/button><\/div><\/div><div class=\"w-tabs-sections titles-align_none icon_chevron cpos_right\"><div class=\"w-tabs-section active\" id=\"p968\"><button class=\"w-tabs-section-header active\" aria-controls=\"content-p968\" aria-expanded=\"true\"><div class=\"w-tabs-section-title\">BOUTIQUES<\/div><div class=\"w-tabs-section-control\"><\/div><\/button><div  class=\"w-tabs-section-content\" id=\"content-p968\"><div class=\"w-tabs-section-content-h i-cf\"><div class=\"wpb_text_column us_custom_f029a2ba\"><div class=\"wpb_wrapper\"><p style=\"text-align: center;\"><span> Recherchez les revendeurs partenaires officiels Laines du Nord les plus proches de chez vous<\/span><\/p>\n<\/div><\/div><div class=\"w-html\"><iframe class=\"iframe-container\" src=\"https:\/\/www.lainesdunord.it\/ricerca-negozi-lainesdunord\/mappa.php?tipologia=negozio&amp;lang=fr\" frameborder=\"0\" scrolling=\"no\" allowfullscreen=\"allowfullscreen\"><\/iframe><\/div><\/div><\/div><\/div><div class=\"w-tabs-section\" id=\"udec\"><button class=\"w-tabs-section-header\" aria-controls=\"content-udec\" aria-expanded=\"false\"><div class=\"w-tabs-section-title\">BOUTIQUE EN LIGNE<\/div><div class=\"w-tabs-section-control\"><\/div><\/button><div  class=\"w-tabs-section-content\" id=\"content-udec\"><div class=\"w-tabs-section-content-h i-cf\"><div class=\"wpb_text_column us_custom_f029a2ba\"><div class=\"wpb_wrapper\"><p style=\"text-align: center;\"><span>Commandez en ligne et recevez nos fils directement chez vous.<\/span><\/p>\n<\/div><\/div><section class=\"l-section wpb_row height_auto\"><div class=\"l-section-h i-cf\"><div class=\"g-cols vc_row via_grid cols_1 laptops-cols_inherit tablets-cols_inherit mobiles-cols_1 valign_top type_default stacking_default\"><div class=\"wpb_column vc_column_container\"><div class=\"vc_column-inner\"><div class=\"g-cols wpb_row via_grid cols_4 laptops-cols_inherit tablets-cols_inherit mobiles-cols_2 valign_top type_default stacking_default\" style=\"--gap:2rem;\"><div class=\"wpb_column vc_column_container us_custom_1e10b0c6\"><div class=\"vc_column-inner\"><div class=\"w-flipbox animation_cardflip direction_w\"><div class=\"w-flipbox-h easing_ease\" style=\"transition-duration:0.5s;\"><div class=\"w-flipbox-hh\"><div class=\"w-flipbox-front\" style=\"background:var(--color-chrome-toolbar);\"><div class=\"w-flipbox-front-h\"><div class=\"w-flipbox-front-icon type_image\" style=\"width:100%;\"><img loading=\"lazy\" decoding=\"async\" width=\"300\" height=\"300\" src=\"https:\/\/www.lainesdunord.it\/wp-content\/uploads\/2024\/10\/lana-mania-300x300.jpg\" class=\"attachment-medium size-medium\" alt=\"\" srcset=\"https:\/\/www.lainesdunord.it\/wp-content\/uploads\/2024\/10\/lana-mania-300x300.jpg 300w, https:\/\/www.lainesdunord.it\/wp-content\/uploads\/2024\/10\/lana-mania-150x150.jpg 150w, https:\/\/www.lainesdunord.it\/wp-content\/uploads\/2024\/10\/lana-mania.jpg 341w\" sizes=\"(max-width: 300px) 100vw, 300px\" \/><\/div><\/div><\/div><div class=\"w-flipbox-back\" style=\"display:none;background:rgba(239,239,239,0.50);\"><div class=\"w-flipbox-back-h\"><p class=\"w-flipbox-back-title\">LANAMANIA.IT<\/p><a target=\"_blank\" href=\"https:\/\/www.lanamania.it\/collections\/laines-du-nord\" class=\"w-btn us-btn-style_5\" style=\"font-size:13px\"><span class=\"w-btn-label\">Acheter maintenant<\/span><\/a><\/div><\/div><\/div><\/div><\/div><\/div><\/div><div class=\"wpb_column vc_column_container us_custom_1e10b0c6\"><div class=\"vc_column-inner\"><div class=\"w-flipbox animation_cardflip direction_w\"><div class=\"w-flipbox-h easing_ease\" style=\"transition-duration:0.5s;\"><div class=\"w-flipbox-hh\"><div class=\"w-flipbox-front\" style=\"background:var(--color-chrome-toolbar);\"><div class=\"w-flipbox-front-h\"><div class=\"w-flipbox-front-icon type_image\" style=\"width:100%;\"><img loading=\"lazy\" decoding=\"async\" width=\"300\" height=\"300\" src=\"https:\/\/www.lainesdunord.it\/wp-content\/uploads\/2024\/10\/lana-online-300x300.jpg\" class=\"attachment-medium size-medium\" alt=\"\" srcset=\"https:\/\/www.lainesdunord.it\/wp-content\/uploads\/2024\/10\/lana-online-300x300.jpg 300w, https:\/\/www.lainesdunord.it\/wp-content\/uploads\/2024\/10\/lana-online-150x150.jpg 150w, https:\/\/www.lainesdunord.it\/wp-content\/uploads\/2024\/10\/lana-online.jpg 341w\" sizes=\"(max-width: 300px) 100vw, 300px\" \/><\/div><\/div><\/div><div class=\"w-flipbox-back\" style=\"display:none;background:rgba(239,239,239,0.50);\"><div class=\"w-flipbox-back-h\"><p class=\"w-flipbox-back-title\">LANAONLINE.IT<\/p><a target=\"_blank\" href=\"https:\/\/www.lanaonline.it\/15-filati\/s-1\/marca-laines_du_nord\/\" class=\"w-btn us-btn-style_5\" style=\"font-size:13px\"><span class=\"w-btn-label\">Acheter maintenant<\/span><\/a><\/div><\/div><\/div><\/div><\/div><\/div><\/div><div class=\"wpb_column vc_column_container us_custom_1e10b0c6\"><div class=\"vc_column-inner\"><div class=\"w-flipbox animation_cardflip direction_w\"><div class=\"w-flipbox-h easing_ease\" style=\"transition-duration:0.5s;\"><div class=\"w-flipbox-hh\"><div class=\"w-flipbox-front\" style=\"background:var(--color-chrome-toolbar);\"><div class=\"w-flipbox-front-h\"><div class=\"w-flipbox-front-icon type_image\" style=\"width:100%;\"><img loading=\"lazy\" decoding=\"async\" width=\"300\" height=\"300\" src=\"https:\/\/www.lainesdunord.it\/wp-content\/uploads\/2024\/10\/TRICOTCAFE-300x300.jpg\" class=\"attachment-medium size-medium\" alt=\"\" srcset=\"https:\/\/www.lainesdunord.it\/wp-content\/uploads\/2024\/10\/TRICOTCAFE-300x300.jpg 300w, https:\/\/www.lainesdunord.it\/wp-content\/uploads\/2024\/10\/TRICOTCAFE-150x150.jpg 150w, https:\/\/www.lainesdunord.it\/wp-content\/uploads\/2024\/10\/TRICOTCAFE.jpg 341w\" sizes=\"(max-width: 300px) 100vw, 300px\" \/><\/div><\/div><\/div><div class=\"w-flipbox-back\" style=\"display:none;background:rgba(239,239,239,0.50);\"><div class=\"w-flipbox-back-h\"><p class=\"w-flipbox-back-title\">TRICOTCAFE.COM<\/p><a target=\"_blank\" href=\"https:\/\/www.tricotcafe.com\/it\/539-laines-du-nord\" class=\"w-btn us-btn-style_5\" style=\"font-size:13px\"><span class=\"w-btn-label\">Acheter maintenant<\/span><\/a><\/div><\/div><\/div><\/div><\/div><\/div><\/div><div class=\"wpb_column vc_column_container us_custom_1e10b0c6\"><div class=\"vc_column-inner\"><div class=\"w-flipbox animation_cardflip direction_w\"><div class=\"w-flipbox-h easing_ease\" style=\"transition-duration:0.5s;\"><div class=\"w-flipbox-hh\"><div class=\"w-flipbox-front\" style=\"background:var(--color-chrome-toolbar);\"><div class=\"w-flipbox-front-h\"><div class=\"w-flipbox-front-icon type_image\" style=\"width:100%;\"><img loading=\"lazy\" decoding=\"async\" width=\"300\" height=\"300\" src=\"https:\/\/www.lainesdunord.it\/wp-content\/uploads\/2024\/10\/ATELIERDELLALANA-300x300.jpg\" class=\"attachment-medium size-medium\" alt=\"\" srcset=\"https:\/\/www.lainesdunord.it\/wp-content\/uploads\/2024\/10\/ATELIERDELLALANA-300x300.jpg 300w, https:\/\/www.lainesdunord.it\/wp-content\/uploads\/2024\/10\/ATELIERDELLALANA-150x150.jpg 150w, https:\/\/www.lainesdunord.it\/wp-content\/uploads\/2024\/10\/ATELIERDELLALANA.jpg 341w\" sizes=\"(max-width: 300px) 100vw, 300px\" \/><\/div><\/div><\/div><div class=\"w-flipbox-back\" style=\"display:none;background:rgba(239,239,239,0.50);\"><div class=\"w-flipbox-back-h\"><p class=\"w-flipbox-back-title\">ATELIERDELLALANA.IT<\/p><a target=\"_blank\" href=\"https:\/\/www.atelierdellalana.it\/produttore\/laines-du-nord\/\" class=\"w-btn us-btn-style_5\" style=\"font-size:13px\"><span class=\"w-btn-label\">Acheter maintenant<\/span><\/a><\/div><\/div><\/div><\/div><\/div><\/div><\/div><\/div><div class=\"g-cols wpb_row us_custom_cdf14ffd via_grid cols_4 laptops-cols_inherit tablets-cols_inherit mobiles-cols_2 valign_top type_default stacking_default\" style=\"--gap:2rem;\"><div class=\"wpb_column vc_column_container us_custom_1e10b0c6\"><div class=\"vc_column-inner\"><div class=\"w-flipbox animation_cardflip direction_w\"><div class=\"w-flipbox-h easing_ease\" style=\"transition-duration:0.5s;\"><div class=\"w-flipbox-hh\"><div class=\"w-flipbox-front\" style=\"background:var(--color-chrome-toolbar);\"><div class=\"w-flipbox-front-h\"><div class=\"w-flipbox-front-icon type_image\" style=\"width:100%;\"><img loading=\"lazy\" decoding=\"async\" width=\"300\" height=\"300\" src=\"https:\/\/www.lainesdunord.it\/wp-content\/uploads\/2024\/10\/CUCIREONLINE-300x300.jpg\" class=\"attachment-medium size-medium\" alt=\"\" srcset=\"https:\/\/www.lainesdunord.it\/wp-content\/uploads\/2024\/10\/CUCIREONLINE-300x300.jpg 300w, https:\/\/www.lainesdunord.it\/wp-content\/uploads\/2024\/10\/CUCIREONLINE-150x150.jpg 150w, https:\/\/www.lainesdunord.it\/wp-content\/uploads\/2024\/10\/CUCIREONLINE.jpg 341w\" sizes=\"(max-width: 300px) 100vw, 300px\" \/><\/div><\/div><\/div><div class=\"w-flipbox-back\" style=\"display:none;background:rgba(239,239,239,0.50);\"><div class=\"w-flipbox-back-h\"><p class=\"w-flipbox-back-title\">SEWONLINE.COM<\/p><a target=\"_blank\" href=\"https:\/\/www.cucireonline.com\/collections\/lana-e-cotone?sort_by=manual&amp;filter.p.vendor=Laines+du+Nord&amp;filter.v.price.gte=0&amp;filter.v.price.lte=73.00\" class=\"w-btn us-btn-style_5\" style=\"font-size:13px\"><span class=\"w-btn-label\">Acheter maintenant<\/span><\/a><\/div><\/div><\/div><\/div><\/div><\/div><\/div><div class=\"wpb_column vc_column_container\"><div class=\"vc_column-inner\"><div class=\"w-flipbox animation_cardflip direction_w\"><div class=\"w-flipbox-h easing_ease\" style=\"transition-duration:0.5s;\"><div class=\"w-flipbox-hh\"><div class=\"w-flipbox-front\" style=\"background:var(--color-chrome-toolbar);\"><div class=\"w-flipbox-front-h\"><div class=\"w-flipbox-front-icon type_image\" style=\"width:100%;\"><img loading=\"lazy\" decoding=\"async\" width=\"300\" height=\"300\" src=\"https:\/\/www.lainesdunord.it\/wp-content\/uploads\/2025\/10\/hobbyperline-300x300.jpg\" class=\"attachment-medium size-medium\" alt=\"\" srcset=\"https:\/\/www.lainesdunord.it\/wp-content\/uploads\/2025\/10\/hobbyperline-300x300.jpg 300w, https:\/\/www.lainesdunord.it\/wp-content\/uploads\/2025\/10\/hobbyperline-150x150.jpg 150w, https:\/\/www.lainesdunord.it\/wp-content\/uploads\/2025\/10\/hobbyperline.jpg 341w\" sizes=\"(max-width: 300px) 100vw, 300px\" \/><\/div><\/div><\/div><div class=\"w-flipbox-back\" style=\"display:none;background:rgba(239,239,239,0.50);\"><div class=\"w-flipbox-back-h\"><p class=\"w-flipbox-back-title\">HOBBYPERLINE.COM<\/p><a target=\"_blank\" href=\"https:\/\/www.hobbyperline.com\/vendita-filati-on-line-per-maglia-ricamo-uncinetto\/filati-per-brand\/filati-laines-du-nord\" class=\"w-btn us-btn-style_5\" style=\"font-size:13px\"><span class=\"w-btn-label\">Acheter maintenant<\/span><\/a><\/div><\/div><\/div><\/div><\/div><\/div><\/div><div class=\"wpb_column vc_column_container us_custom_1e10b0c6\"><div class=\"vc_column-inner\"><\/div><\/div><div class=\"wpb_column vc_column_container\"><div class=\"vc_column-inner\"><\/div><\/div><\/div><\/div><\/div><\/div><\/div><\/section>\n<\/div><\/div><\/div><div class=\"w-tabs-section\" id=\"aef7\"><button class=\"w-tabs-section-header\" aria-controls=\"content-aef7\" aria-expanded=\"false\"><div class=\"w-tabs-section-title\">DISTRIBUTEURS<\/div><div class=\"w-tabs-section-control\"><\/div><\/button><div  class=\"w-tabs-section-content\" id=\"content-aef7\"><div class=\"w-tabs-section-content-h i-cf\"><div class=\"wpb_text_column us_custom_f029a2ba\"><div class=\"wpb_wrapper\"><p style=\"text-align: center;\"><span>Nos distributeurs officiels dans le monde entier.<\/span><\/p>\n<\/div><\/div><div class=\"w-html\"><iframe class=\"iframe-container\" src=\"https:\/\/www.lainesdunord.it\/ricerca-negozi-lainesdunord\/mappa.php?tipologia=distributore&amp;lang=fr\" frameborder=\"0\" scrolling=\"no\" allowfullscreen=\"allowfullscreen\"><\/iframe><\/div><\/div><\/div><\/div><\/div><\/div><\/div><\/div><\/div><\/div><\/section><section class=\"l-section wpb_row height_auto width_full\"><div class=\"l-section-h i-cf\"><div class=\"g-cols vc_row via_grid cols_1 laptops-cols_inherit tablets-cols_inherit mobiles-cols_1 valign_top type_default stacking_default\"><div class=\"wpb_column vc_column_container\"><div class=\"vc_column-inner\"><section class=\"l-section wpb_row us_custom_6b40e87f height_auto width_full\"><div class=\"l-section-h i-cf\"><div class=\"g-cols vc_row via_grid cols_1 laptops-cols_inherit tablets-cols_inherit mobiles-cols_1 valign_top type_default stacking_default\"><div class=\"wpb_column vc_column_container\"><div class=\"vc_column-inner\"><h2 class=\"w-text us_custom_803773b8 has_text_color\"><span class=\"w-text-h\"><span class=\"w-text-value\">Ne manquez pas les derni\u00e8res nouvelles<\/span><\/span><\/h2><\/div><\/div><div class=\"wpb_column vc_column_container us_custom_70788412\"><div class=\"vc_column-inner\"><div class=\"wpb_text_column us_custom_f3945b9f\"><div class=\"wpb_wrapper\"><p style=\"text-align: center; letter-spacing: 0.1em;\">Inscrivez-vous \u00e0 notre newsletter pour obtenir des informations sur nos produits et mod\u00e8les !<\/p>\n<\/div><\/div><\/div><\/div><div class=\"wpb_column vc_column_container us_custom_3f612ce6\"><div class=\"vc_column-inner\"><div class=\"g-cols wpb_row via_grid cols_2 laptops-cols_inherit tablets-cols_1 mobiles-cols_1 valign_middle type_default stacking_default\" style=\"--gap:3rem;\"><div class=\"wpb_column vc_column_container us_custom_201b0d3e\"><div class=\"vc_column-inner\"><div class=\"w-btn-wrapper align_center\"><button class=\"w-btn us-btn-style_5 us_custom_620cf920\" id=\"nl-popup\"><span class=\"w-btn-label\">s&#039;inscrire<\/span><\/button><\/div><div class=\"w-popup align_none\"><span class=\"w-popup-trigger type_selector\" data-selector=\"#nl-popup\"><\/span><div class=\"w-popup-overlay\" style=\"background:rgba(0,0,0,0.50);\"><\/div><div class=\"w-popup-wrap layout_default\" style=\"--title-color:var(--color-content-heading);--title-bg-color:var(--color-content-bg-alt);--content-color:var(--color-content-text);--content-bg-color:var(--color-content-bg);--closer-color:var(--color-content-heading);--popup-width:100vw;--popup-padding:2%;\"><div class=\"w-popup-box animation_fadeIn closerpos_inside without_title\"><div class=\"w-popup-box-h\"><div class=\"w-popup-box-content\"><section class=\"l-section wpb_row height_auto\"><div class=\"l-section-h i-cf\"><div class=\"g-cols vc_row via_grid cols_1 laptops-cols_inherit tablets-cols_inherit mobiles-cols_1 valign_top type_default stacking_default\"><div class=\"wpb_column vc_column_container us_custom_315b8835 has_bg_color\"><div class=\"vc_column-inner\"><div class=\"g-cols wpb_row via_grid cols_1 laptops-cols_inherit tablets-cols_inherit mobiles-cols_1 valign_top type_default stacking_default\" style=\"--gap:3rem;\"><div class=\"wpb_column vc_column_container\"><div class=\"vc_column-inner\"><div class=\"w-html\"><form action=\"https:\/\/a5i1d5.emailsp.com\/frontend\/subscribe.aspx\">\n<div>\n    <h2 style=\"font-size:32px; text-align:center;margin-bottom:25px\">Iscriviti alla newsletter di Laines du Nord<\/h2>\n<\/div>\n<div style=\"width:40%;float:left;margin-right:2%\">\n    <label>Seleziona la lingua*<\/label>\n    <select name=\"campo28\" id=\"campo28\" required=\"required\">\n        <option value=\"\" selected=\"selected\"><\/option>\n        <option value=\"Italiano\">Italiano<\/option>\n        <option value=\"English\">English<\/option>\n\t\t <option value=\"Deutsch\">Deutsch<\/option>\n<option value=\"Fran\u00e7ais\">Fran\u00e7ais<\/option>\n    <\/select>\n<\/div>\n<div style=\"width:40%;float:left;margin-right:2%\">\n    <label>Inserisci la tua email*<\/label>\n    <input type=\"email\" name=\"email\" id=\"email\" placeholder=\"email\" required=\"required\">\n<\/div>\n<div style=\"width:10%;float:left;position:absolute;bottom:0;right:0; font-size: calc(12px + 0.1vw);line-height: 30px;font-weight: 400;background-color:#000000;\">\n    <button type=\"submit\" name=\"submit\" value=\"true\" target=\"_blank\">\n        ISCRIVITI\n    <\/button>\n<\/div>\n<input type=\"hidden\" id=\"apgroup\" name=\"apgroup\" value=\"15\">\n<input type=\"hidden\" name=\"list\" value=\"1\">\n<\/form><\/div><\/div><\/div><\/div><\/div><\/div><\/div><\/div><\/section>\n<\/div><div class=\"w-popup-closer\"><\/div><\/div><\/div><\/div><\/div><\/div><\/div><div class=\"wpb_column vc_column_container us_custom_c5cae4b9\"><div class=\"vc_column-inner\"><div class=\"w-btn-wrapper align_center\"><a class=\"w-btn us-btn-style_5 us_custom_620cf920\" href=\"https:\/\/www.lainesdunord.it\/fr\/contacts\/\"><span class=\"w-btn-label\">contactez-nous<\/span><\/a><\/div><\/div><\/div><\/div><\/div><\/div><\/div><\/div><\/section>\n<\/div><\/div><\/div><\/div><\/section>\n","protected":false},"excerpt":{"rendered":"FilsMod\u00e8leslocalisateur de magasinsLocalisation des magasinsD\u00e9couvrez la qualit\u00e9 de nos fils : trouvez o\u00f9 les acheter. BOUTIQUESBOUTIQUE EN LIGNEDISTRIBUTEURSBOUTIQUES Recherchez les revendeurs partenaires officiels Laines du Nord les plus proches de chez vous BOUTIQUE EN LIGNECommandez en ligne et recevez nos fils directement chez vous. LANAMANIA.ITAcheter maintenantLANAONLINE.ITAcheter maintenantTRICOTCAFE.COMAcheter maintenantATELIERDELLALANA.ITAcheter maintenantSEWONLINE.COMAcheter maintenantHOBBYPERLINE.COMAcheter maintenant DISTRIBUTEURSNos distributeurs officiels dans...","protected":false},"author":2,"featured_media":0,"parent":0,"menu_order":0,"comment_status":"closed","ping_status":"closed","template":"","meta":{"footnotes":""},"class_list":["post-12056","page","type-page","status-publish","hentry"],"_links":{"self":[{"href":"https:\/\/www.lainesdunord.it\/fr\/wp-json\/wp\/v2\/pages\/12056"}],"collection":[{"href":"https:\/\/www.lainesdunord.it\/fr\/wp-json\/wp\/v2\/pages"}],"about":[{"href":"https:\/\/www.lainesdunord.it\/fr\/wp-json\/wp\/v2\/types\/page"}],"author":[{"embeddable":true,"href":"https:\/\/www.lainesdunord.it\/fr\/wp-json\/wp\/v2\/users\/2"}],"replies":[{"embeddable":true,"href":"https:\/\/www.lainesdunord.it\/fr\/wp-json\/wp\/v2\/comments?post=12056"}],"version-history":[{"count":3,"href":"https:\/\/www.lainesdunord.it\/fr\/wp-json\/wp\/v2\/pages\/12056\/revisions"}],"predecessor-version":[{"id":12187,"href":"https:\/\/www.lainesdunord.it\/fr\/wp-json\/wp\/v2\/pages\/12056\/revisions\/12187"}],"wp:attachment":[{"href":"https:\/\/www.lainesdunord.it\/fr\/wp-json\/wp\/v2\/media?parent=12056"}],"curies":[{"name":"wp","href":"https:\/\/api.w.org\/{rel}","templated":true}]}}