{"id":12120,"date":"2024-09-12T10:39:42","date_gmt":"2024-09-12T10:39:42","guid":{"rendered":"https:\/\/www.lainesdunord.it\/la-salle-de-tricot\/"},"modified":"2026-03-17T08:00:17","modified_gmt":"2026-03-17T08:00:17","slug":"la-salle-de-tricot","status":"publish","type":"page","link":"https:\/\/www.lainesdunord.it\/fr\/la-salle-de-tricot\/","title":{"rendered":"The Knitting Room"},"content":{"rendered":"<section class=\"l-section wpb_row us_custom_3a216a9a height_auto width_full\"><div class=\"l-section-h i-cf\"><div class=\"g-cols vc_row via_grid cols_1 laptops-cols_inherit tablets-cols_inherit mobiles-cols_1 valign_top type_default stacking_default\"><div class=\"wpb_column vc_column_container us_custom_6f60ed55\"><div class=\"vc_column-inner\"><nav class=\"w-menu layout_hor spread style_links not_responsive us_menu_1\" style=\"--main-gap:1.5rem;--main-ver-indent:0.8em;--main-hor-indent:0.8em;--main-color:inherit;\"><ul id=\"menu-top-menu-fr\" class=\"menu\"><li id=\"menu-item-12140\" class=\"menu-item menu-item-type-custom menu-item-object-custom menu-item-12140\"><a href=\"https:\/\/www.lainesdunord.it\/fr\/modele-de-liste-de-fils-ne-pas-modifier\/\">Fils<\/a><\/li><li id=\"menu-item-12141\" class=\"menu-item menu-item-type-custom menu-item-object-custom menu-item-12141\"><a href=\"https:\/\/www.lainesdunord.it\/fr\/modeles-de-listes-ne-pas-modifier\/\">Mod\u00e8les<\/a><\/li><li id=\"menu-item-12135\" class=\"menu-item menu-item-type-post_type menu-item-object-page menu-item-12135\"><a href=\"https:\/\/www.lainesdunord.it\/fr\/nos-points-de-vente\/\">localisateur de magasins<\/a><\/li><\/ul><\/nav><\/div><\/div><\/div><\/div><\/section><section class=\"l-section wpb_row us_custom_19737bc8 height_small width_full\"><div class=\"l-section-h i-cf\"><div class=\"g-cols vc_row via_grid cols_1 laptops-cols_inherit tablets-cols_inherit mobiles-cols_1 valign_top type_default stacking_default\"><div class=\"wpb_column vc_column_container us_custom_a874c9af\"><div class=\"vc_column-inner\"><nav class=\"g-breadcrumbs us_custom_bebfd6b7 has_text_color separator_custom align_none\" itemscope itemtype=\"http:\/\/schema.org\/BreadcrumbList\"><div class=\"g-breadcrumbs-item\" itemscope itemprop=\"itemListElement\" itemtype=\"http:\/\/schema.org\/ListItem\"><a itemprop=\"item\" href=\"http:\/\/www.lainesdunord.it\/fr\/\"><span itemprop=\"name\">Accueil<\/span><\/a><meta itemprop=\"position\" content=\"1\"\/><\/div><div class=\"g-breadcrumbs-separator\">\/<\/div><div class=\"g-breadcrumbs-item\">Pages<\/div><\/nav><\/div><\/div><\/div><\/div><\/section><section class=\"l-section wpb_row us_custom_32027291 height_small width_full\"><div class=\"l-section-h i-cf\"><div class=\"g-cols vc_row via_grid cols_1 laptops-cols_inherit tablets-cols_inherit mobiles-cols_1 valign_top type_default stacking_default\"><div class=\"wpb_column vc_column_container us_custom_2f737d1c\"><div class=\"vc_column-inner\"><h1 class=\"w-text us_custom_d63188e8\"><span class=\"w-text-h\"><span class=\"w-text-value\">The Knitting Room<\/span><\/span><\/h1><div class=\"wpb_text_column us_custom_21991d45\"><div class=\"wpb_wrapper\"><p style=\"text-align: center;\">Un coin exclusif, d\u00e9di\u00e9 aux amoureux du tricot comme vous. Pr\u00e9parez-vous \u00e0 vous immerger dans un voyage d&#8217;inspiration et de cr\u00e9ativit\u00e9, o\u00f9 chaque fil devient une occasion de cr\u00e9er des histoires uniques et inoubliables. D\u00e9couvrez maintenant les \u00e9v\u00e9nements les plus exclusifs, les techniques les plus innovantes et les derni\u00e8res tendances dans le monde du fil.  <\/p>\n<\/div><\/div><\/div><\/div><\/div><\/div><\/section><section class=\"l-section wpb_row us_custom_cdd27b11 height_auto width_full\"><div class=\"l-section-h i-cf\"><div class=\"g-cols vc_row via_grid cols_1 laptops-cols_inherit tablets-cols_inherit mobiles-cols_1 valign_top type_default stacking_default\"><div class=\"wpb_column vc_column_container\"><div class=\"vc_column-inner\"><div class=\"w-grid us_custom_f029a2ba type_grid layout_10063 cols_4 pagination_ajax\" id=\"us_grid_1\" style=\"--gap:1rem;\" data-filterable=\"true\"><style>@media (max-width:1380px){#us_grid_1 .w-grid-item{width:33.3333%}}@media (max-width:1024px){#us_grid_1 .w-grid-item{width:50%}}@media (max-width:1024px){#us_grid_1{--gap:10px!important}}@media (max-width:600px){#us_grid_1 .w-grid-item{width:50%}}@media (max-width:600px){#us_grid_1{--gap:10px!important}}.layout_10063 .w-grid-item-h{}.layout_10063 .usg_post_title_1{font-size:24px!important;height:100px!important;max-height:100px!important;overflow:hidden!important}.layout_10063 .usg_hwrapper_1{color:#ffffff!important;font-size:0.9rem!important}.layout_10063 .usg_post_content_1{max-width:600px!important;max-height:100px!important;margin-top:0.5rem!important}.layout_10063 .usg_btn_1{text-align:right!important;width:100%!important;margin-top:20px!important}@media (min-width:1025px) and (max-width:1380px){.layout_10063 .usg_post_title_1{font-size:24px!important;height:100px!important;max-height:100px!important}.layout_10063 .usg_post_content_1{max-width:600px!important;max-height:100px!important}.layout_10063 .usg_btn_1{text-align:right!important;width:100%!important;margin-top:20px!important}}@media (min-width:601px) and (max-width:1024px){.layout_10063 .usg_post_title_1{font-size:20px!important;height:60px!important;max-height:60px!important}.layout_10063 .usg_post_content_1{max-width:600px!important;max-height:100px!important}.layout_10063 .usg_btn_1{text-align:right!important;width:100%!important;margin-top:20px!important}}@media (max-width:600px){.layout_10063 .usg_post_title_1{font-size:16px!important;height:80px!important;max-height:80px!important}.layout_10063 .usg_post_content_1{max-width:0!important;max-height:0!important}.layout_10063 .usg_btn_1{text-align:center!important;font-size:12px!important;width:100%!important;margin-top:0!important;padding-left:0!important;padding-right:0!important}}<\/style><div class=\"w-grid-list\">\t<article class=\"w-grid-item size_1x1 post-12217 post type-post status-publish format-standard has-post-thumbnail hentry category-actualites\" data-id=\"12217\">\r\n\t\t<div class=\"w-grid-item-h\">\r\n\t\t\t\t\t\t<div class=\"w-post-elm post_image usg_post_image_2 stretched\"><a href=\"https:\/\/www.lainesdunord.it\/fr\/folie-bag-le-fil-ideal-pour-creer-des-sacs-handmade-modernes-et-resistants\/\" aria-label=\"Folie Bag : le fil id\u00e9al pour cr\u00e9er des sacs handmade modernes et r\u00e9sistants\"><img loading=\"lazy\" decoding=\"async\" width=\"1024\" height=\"1024\" src=\"https:\/\/www.lainesdunord.it\/wp-content\/uploads\/2026\/04\/Blog_Filato-Folie-Bag-1024x1024.jpg\" class=\"attachment-large size-large wp-post-image\" alt=\"\" srcset=\"https:\/\/www.lainesdunord.it\/wp-content\/uploads\/2026\/04\/Blog_Filato-Folie-Bag-1024x1024.jpg 1024w, https:\/\/www.lainesdunord.it\/wp-content\/uploads\/2026\/04\/Blog_Filato-Folie-Bag-300x300.jpg 300w, https:\/\/www.lainesdunord.it\/wp-content\/uploads\/2026\/04\/Blog_Filato-Folie-Bag-150x150.jpg 150w, https:\/\/www.lainesdunord.it\/wp-content\/uploads\/2026\/04\/Blog_Filato-Folie-Bag.jpg 1080w\" sizes=\"(max-width: 1024px) 100vw, 1024px\" \/><\/a><\/div><div class=\"w-hwrapper usg_hwrapper_1 has_text_color align_none valign_top wrap\"><div class=\"w-post-elm post_taxonomy usg_post_taxonomy_1 style_simple\"><a class=\"term-70 term-actualites\" href=\"https:\/\/www.lainesdunord.it\/fr\/category\/actualites\/\">Actualit\u00e9s<\/a><\/div><\/div><h2 class=\"w-post-elm post_title usg_post_title_1 entry-title color_link_inherit\"><a href=\"https:\/\/www.lainesdunord.it\/fr\/folie-bag-le-fil-ideal-pour-creer-des-sacs-handmade-modernes-et-resistants\/\">Folie Bag : le fil id\u00e9al pour cr\u00e9er des sacs handmade modernes et r\u00e9sistants<\/a><\/h2><div class=\"w-post-elm post_content usg_post_content_1 with_collapsible_content\" data-content-height=\"100px\"><div>Les sacs handmade ne sont plus de simples accessoires fonctionnels. Aujourd\u2019hui, ils incarnent un v\u00e9ritable choix de style, d\u2019identit\u00e9 et de consommation responsable. Dans un march\u00e9 domin\u00e9 par la production\u2026<\/div><div class=\"toggle-links align_none\"><button class=\"collapsible-content-more\"><\/button><button class=\"collapsible-content-less\"><\/button><\/div><\/div><a class=\"w-btn us-btn-style_7 styleLink usg_btn_1\" href=\"https:\/\/www.lainesdunord.it\/fr\/folie-bag-le-fil-ideal-pour-creer-des-sacs-handmade-modernes-et-resistants\/\"><span class=\"w-btn-label\">Continua a leggere<\/span><\/a>\t\t<\/div>\r\n\t\t\t<\/article>\r\n\t<article class=\"w-grid-item size_1x1 post-12006 post type-post status-publish format-standard has-post-thumbnail hentry category-novita\" data-id=\"12006\">\r\n\t\t<div class=\"w-grid-item-h\">\r\n\t\t\t\t\t\t<div class=\"w-post-elm post_image usg_post_image_2 stretched\"><a href=\"https:\/\/www.lainesdunord.it\/fr\/linilk-le-fil-en-lin-et-soie-qui-illumine-vos-creations-dete\/\" aria-label=\"Linilk : le fil en lin et soie qui illumine vos cr\u00e9ations d\u2019\u00e9t\u00e9\"><img loading=\"lazy\" decoding=\"async\" width=\"1024\" height=\"1024\" src=\"https:\/\/www.lainesdunord.it\/wp-content\/uploads\/2026\/03\/Blog_Filato-Linilk-1024x1024.jpg\" class=\"attachment-large size-large wp-post-image\" alt=\"Linilk Laines du Nord\" srcset=\"https:\/\/www.lainesdunord.it\/wp-content\/uploads\/2026\/03\/Blog_Filato-Linilk-1024x1024.jpg 1024w, https:\/\/www.lainesdunord.it\/wp-content\/uploads\/2026\/03\/Blog_Filato-Linilk-300x300.jpg 300w, https:\/\/www.lainesdunord.it\/wp-content\/uploads\/2026\/03\/Blog_Filato-Linilk-150x150.jpg 150w, https:\/\/www.lainesdunord.it\/wp-content\/uploads\/2026\/03\/Blog_Filato-Linilk.jpg 1080w\" sizes=\"(max-width: 1024px) 100vw, 1024px\" \/><\/a><\/div><div class=\"w-hwrapper usg_hwrapper_1 has_text_color align_none valign_top wrap\"><div class=\"w-post-elm post_taxonomy usg_post_taxonomy_1 style_simple\"><a class=\"term-48 term-novita\" href=\"https:\/\/www.lainesdunord.it\/category\/the-knitting-room\/novita\/\">Novit\u00e0<\/a><\/div><\/div><h2 class=\"w-post-elm post_title usg_post_title_1 entry-title color_link_inherit\"><a href=\"https:\/\/www.lainesdunord.it\/fr\/linilk-le-fil-en-lin-et-soie-qui-illumine-vos-creations-dete\/\">Linilk : le fil en lin et soie qui illumine vos cr\u00e9ations d\u2019\u00e9t\u00e9<\/a><\/h2><div class=\"w-post-elm post_content usg_post_content_1 with_collapsible_content\" data-content-height=\"100px\"><div>Laines du Nord pr\u00e9sente Linilk, un fil pens\u00e9 pour donner vie \u00e0 des projets frais, lumineux et raffin\u00e9s, parfaits pour la saison chaude. Linilk na\u00eet de la rencontre harmonieuse de\u2026<\/div><div class=\"toggle-links align_none\"><button class=\"collapsible-content-more\"><\/button><button class=\"collapsible-content-less\"><\/button><\/div><\/div><a class=\"w-btn us-btn-style_7 styleLink usg_btn_1\" href=\"https:\/\/www.lainesdunord.it\/fr\/linilk-le-fil-en-lin-et-soie-qui-illumine-vos-creations-dete\/\"><span class=\"w-btn-label\">Continua a leggere<\/span><\/a>\t\t<\/div>\r\n\t\t\t<\/article>\r\n\t<article class=\"w-grid-item size_1x1 post-12013 post type-post status-publish format-standard has-post-thumbnail hentry category-actualites\" data-id=\"12013\">\r\n\t\t<div class=\"w-grid-item-h\">\r\n\t\t\t\t\t\t<div class=\"w-post-elm post_image usg_post_image_2 stretched\"><a href=\"https:\/\/www.lainesdunord.it\/fr\/astra-la-nouvelle-collection-de-fils-signee-laines-du-nord\/\" aria-label=\"Astra : la nouvelle collection de fils sign\u00e9e Laines du Nord\"><img loading=\"lazy\" decoding=\"async\" width=\"1024\" height=\"1024\" src=\"https:\/\/www.lainesdunord.it\/wp-content\/uploads\/2026\/02\/Blog_Collezione-Astra-1024x1024.jpg\" class=\"attachment-large size-large wp-post-image\" alt=\"\" srcset=\"https:\/\/www.lainesdunord.it\/wp-content\/uploads\/2026\/02\/Blog_Collezione-Astra-1024x1024.jpg 1024w, https:\/\/www.lainesdunord.it\/wp-content\/uploads\/2026\/02\/Blog_Collezione-Astra-300x300.jpg 300w, https:\/\/www.lainesdunord.it\/wp-content\/uploads\/2026\/02\/Blog_Collezione-Astra-150x150.jpg 150w, https:\/\/www.lainesdunord.it\/wp-content\/uploads\/2026\/02\/Blog_Collezione-Astra.jpg 1080w\" sizes=\"(max-width: 1024px) 100vw, 1024px\" \/><\/a><\/div><div class=\"w-hwrapper usg_hwrapper_1 has_text_color align_none valign_top wrap\"><div class=\"w-post-elm post_taxonomy usg_post_taxonomy_1 style_simple\"><a class=\"term-70 term-actualites\" href=\"https:\/\/www.lainesdunord.it\/fr\/category\/actualites\/\">Actualit\u00e9s<\/a><\/div><\/div><h2 class=\"w-post-elm post_title usg_post_title_1 entry-title color_link_inherit\"><a href=\"https:\/\/www.lainesdunord.it\/fr\/astra-la-nouvelle-collection-de-fils-signee-laines-du-nord\/\">Astra : la nouvelle collection de fils sign\u00e9e Laines du Nord<\/a><\/h2><div class=\"w-post-elm post_content usg_post_content_1 with_collapsible_content\" data-content-height=\"100px\"><div>La lumi\u00e8re devient mati\u00e8re, la couleur se transforme en sensation. Astra, la collection Printemps\u2013\u00c9t\u00e9 2026, est une invitation \u00e0 ralentir et \u00e0 se laisser guider par l\u2019inspiration. Une ligne de\u2026<\/div><div class=\"toggle-links align_none\"><button class=\"collapsible-content-more\"><\/button><button class=\"collapsible-content-less\"><\/button><\/div><\/div><a class=\"w-btn us-btn-style_7 styleLink usg_btn_1\" href=\"https:\/\/www.lainesdunord.it\/fr\/astra-la-nouvelle-collection-de-fils-signee-laines-du-nord\/\"><span class=\"w-btn-label\">Continua a leggere<\/span><\/a>\t\t<\/div>\r\n\t\t\t<\/article>\r\n<\/div><div class=\"w-grid-preloader\">\t<div class=\"g-preloader type_1\">\r\n\t\t<div><\/div>\r\n\t<\/div>\r\n\t<\/div>\t<div class=\"w-grid-json hidden\" onclick='return {&quot;action&quot;:&quot;us_ajax_grid&quot;,&quot;infinite_scroll&quot;:0,&quot;max_num_pages&quot;:1,&quot;pagination&quot;:&quot;ajax&quot;,&quot;template_vars&quot;:{&quot;columns&quot;:&quot;4&quot;,&quot;exclude_items&quot;:&quot;none&quot;,&quot;img_size&quot;:&quot;default&quot;,&quot;ignore_items_size&quot;:0,&quot;items_layout&quot;:&quot;10063&quot;,&quot;items_offset&quot;:&quot;1&quot;,&quot;load_animation&quot;:&quot;none&quot;,&quot;overriding_link&quot;:&quot;{\\&quot;url\\&quot;:\\&quot;\\&quot;}&quot;,&quot;post_id&quot;:0,&quot;query_args&quot;:{&quot;post_type&quot;:[&quot;post&quot;],&quot;post_status&quot;:[&quot;publish&quot;],&quot;posts_per_page&quot;:&quot;12&quot;},&quot;orderby_query_args&quot;:{&quot;orderby&quot;:{&quot;date&quot;:&quot;DESC&quot;}},&quot;type&quot;:&quot;grid&quot;,&quot;us_grid_post_type&quot;:&quot;post&quot;,&quot;us_grid_ajax_index&quot;:1,&quot;us_grid_filter_query_string&quot;:null,&quot;us_grid_index&quot;:1,&quot;page_args&quot;:[],&quot;lang&quot;:&quot;fr&quot;}}'><\/div>\r\n\t<\/div><\/div><\/div><\/div><\/div><\/section><section class=\"l-section wpb_row height_auto width_full\"><div class=\"l-section-h i-cf\"><div class=\"g-cols vc_row via_grid cols_1 laptops-cols_inherit tablets-cols_inherit mobiles-cols_1 valign_top type_default stacking_default\"><div class=\"wpb_column vc_column_container\"><div class=\"vc_column-inner\"><section class=\"l-section wpb_row us_custom_6b40e87f height_auto width_full\"><div class=\"l-section-h i-cf\"><div class=\"g-cols vc_row via_grid cols_1 laptops-cols_inherit tablets-cols_inherit mobiles-cols_1 valign_top type_default stacking_default\"><div class=\"wpb_column vc_column_container\"><div class=\"vc_column-inner\"><h2 class=\"w-text us_custom_803773b8 has_text_color\"><span class=\"w-text-h\"><span class=\"w-text-value\">Ne manquez pas les derni\u00e8res nouvelles<\/span><\/span><\/h2><\/div><\/div><div class=\"wpb_column vc_column_container us_custom_70788412\"><div class=\"vc_column-inner\"><div class=\"wpb_text_column us_custom_f3945b9f\"><div class=\"wpb_wrapper\"><p style=\"text-align: center; letter-spacing: 0.1em;\">Inscrivez-vous \u00e0 notre newsletter pour obtenir des informations sur nos produits et mod\u00e8les !<\/p>\n<\/div><\/div><\/div><\/div><div class=\"wpb_column vc_column_container us_custom_3f612ce6\"><div class=\"vc_column-inner\"><div class=\"g-cols wpb_row via_grid cols_2 laptops-cols_inherit tablets-cols_1 mobiles-cols_1 valign_middle type_default stacking_default\" style=\"--gap:3rem;\"><div class=\"wpb_column vc_column_container us_custom_201b0d3e\"><div class=\"vc_column-inner\"><div class=\"w-btn-wrapper align_center\"><button class=\"w-btn us-btn-style_5 us_custom_620cf920\" id=\"nl-popup\"><span class=\"w-btn-label\">s&#039;inscrire<\/span><\/button><\/div><div class=\"w-popup align_none\"><span class=\"w-popup-trigger type_selector\" data-selector=\"#nl-popup\"><\/span><div class=\"w-popup-overlay\" style=\"background:rgba(0,0,0,0.50);\"><\/div><div class=\"w-popup-wrap layout_default\" style=\"--title-color:var(--color-content-heading);--title-bg-color:var(--color-content-bg-alt);--content-color:var(--color-content-text);--content-bg-color:var(--color-content-bg);--closer-color:var(--color-content-heading);--popup-width:100vw;--popup-padding:2%;\"><div class=\"w-popup-box animation_fadeIn closerpos_inside without_title\"><div class=\"w-popup-box-h\"><div class=\"w-popup-box-content\"><section class=\"l-section wpb_row height_auto\"><div class=\"l-section-h i-cf\"><div class=\"g-cols vc_row via_grid cols_1 laptops-cols_inherit tablets-cols_inherit mobiles-cols_1 valign_top type_default stacking_default\"><div class=\"wpb_column vc_column_container us_custom_315b8835 has_bg_color\"><div class=\"vc_column-inner\"><div class=\"g-cols wpb_row via_grid cols_1 laptops-cols_inherit tablets-cols_inherit mobiles-cols_1 valign_top type_default stacking_default\" style=\"--gap:3rem;\"><div class=\"wpb_column vc_column_container\"><div class=\"vc_column-inner\"><div class=\"w-html\"><form action=\"https:\/\/a5i1d5.emailsp.com\/frontend\/subscribe.aspx\">\n<div>\n    <h2 style=\"font-size:32px; text-align:center;margin-bottom:25px\">Iscriviti alla newsletter di Laines du Nord<\/h2>\n<\/div>\n<div style=\"width:40%;float:left;margin-right:2%\">\n    <label>Seleziona la lingua*<\/label>\n    <select name=\"campo28\" id=\"campo28\" required=\"required\">\n        <option value=\"\" selected=\"selected\"><\/option>\n        <option value=\"Italiano\">Italiano<\/option>\n        <option value=\"English\">English<\/option>\n\t\t <option value=\"Deutsch\">Deutsch<\/option>\n<option value=\"Fran\u00e7ais\">Fran\u00e7ais<\/option>\n    <\/select>\n<\/div>\n<div style=\"width:40%;float:left;margin-right:2%\">\n    <label>Inserisci la tua email*<\/label>\n    <input type=\"email\" name=\"email\" id=\"email\" placeholder=\"email\" required=\"required\">\n<\/div>\n<div style=\"width:10%;float:left;position:absolute;bottom:0;right:0; font-size: calc(12px + 0.1vw);line-height: 30px;font-weight: 400;background-color:#000000;\">\n    <button type=\"submit\" name=\"submit\" value=\"true\" target=\"_blank\">\n        ISCRIVITI\n    <\/button>\n<\/div>\n<input type=\"hidden\" id=\"apgroup\" name=\"apgroup\" value=\"15\">\n<input type=\"hidden\" name=\"list\" value=\"1\">\n<\/form><\/div><\/div><\/div><\/div><\/div><\/div><\/div><\/div><\/section>\n<\/div><div class=\"w-popup-closer\"><\/div><\/div><\/div><\/div><\/div><\/div><\/div><div class=\"wpb_column vc_column_container us_custom_c5cae4b9\"><div class=\"vc_column-inner\"><div class=\"w-btn-wrapper align_center\"><a class=\"w-btn us-btn-style_5 us_custom_620cf920\" href=\"https:\/\/www.lainesdunord.it\/fr\/contacts\/\"><span class=\"w-btn-label\">contactez-nous<\/span><\/a><\/div><\/div><\/div><\/div><\/div><\/div><\/div><\/div><\/section>\n<\/div><\/div><\/div><\/div><\/section>\n","protected":false},"excerpt":{"rendered":"La lumi\u00e8re devient mati\u00e8re, la couleur se transforme en sensation. Astra, la collection Printemps\u2013\u00c9t\u00e9 2026, est une invitation \u00e0 ralentir et \u00e0 se laisser guider par l\u2019inspiration. Une ligne de fils qui raconte la saison la plus lumineuse de l\u2019ann\u00e9e \u00e0 travers des nuances pastel, des reflets d\u00e9licats et des textures l\u00e9g\u00e8res, capables d\u2019\u00e9voquer \u00e9quilibre,...","protected":false},"author":2,"featured_media":0,"parent":0,"menu_order":0,"comment_status":"closed","ping_status":"closed","template":"","meta":{"footnotes":""},"class_list":["post-12120","page","type-page","status-publish","hentry"],"_links":{"self":[{"href":"https:\/\/www.lainesdunord.it\/fr\/wp-json\/wp\/v2\/pages\/12120"}],"collection":[{"href":"https:\/\/www.lainesdunord.it\/fr\/wp-json\/wp\/v2\/pages"}],"about":[{"href":"https:\/\/www.lainesdunord.it\/fr\/wp-json\/wp\/v2\/types\/page"}],"author":[{"embeddable":true,"href":"https:\/\/www.lainesdunord.it\/fr\/wp-json\/wp\/v2\/users\/2"}],"replies":[{"embeddable":true,"href":"https:\/\/www.lainesdunord.it\/fr\/wp-json\/wp\/v2\/comments?post=12120"}],"version-history":[{"count":11,"href":"https:\/\/www.lainesdunord.it\/fr\/wp-json\/wp\/v2\/pages\/12120\/revisions"}],"predecessor-version":[{"id":12133,"href":"https:\/\/www.lainesdunord.it\/fr\/wp-json\/wp\/v2\/pages\/12120\/revisions\/12133"}],"wp:attachment":[{"href":"https:\/\/www.lainesdunord.it\/fr\/wp-json\/wp\/v2\/media?parent=12120"}],"curies":[{"name":"wp","href":"https:\/\/api.w.org\/{rel}","templated":true}]}}